{"id":1312,"date":"2018-02-08T06:09:21","date_gmt":"2018-02-08T06:09:21","guid":{"rendered":"http:\/\/maranonexperience.com\/?page_id=1312"},"modified":"2020-06-24T02:53:28","modified_gmt":"2020-06-24T02:53:28","slug":"short-trips","status":"publish","type":"page","link":"https:\/\/maranonexperience.com\/es\/short-trips\/","title":{"rendered":"Rock Art &#038; Rafting"},"content":{"rendered":"<p>Ofrecemos paquetes de 3 d\u00edas \/ 2 noches para explorar el r\u00edo Mara\u00f1\u00f3n, partiendo de las ciudades de Ja\u00e9n o Chachapoyas. \u00a1Estos viajes cortos son el complemento perfecto para sus exploraciones en el norte de Per\u00fa!<br>\u00a1\u00danete a nosotros para un fin de semana de arte rupestre y canotaje en el r\u00edo Mara\u00f1\u00f3n! <br><br>Los viajes se realizan durante todo el a\u00f1o, con la temporada \u00f3ptima siendo la seca, de Mayo a Octubre. \u00a1Env\u00edenos un correo electr\u00f3nico para reservar su salida!<\/p>\n\n\n\n<p class=\"has-text-align-center\"><a title=\"&nbsp; &nbsp; &nbsp; Download Info Sheet&nbsp; &nbsp; &nbsp; \" target=\"_other\" class=\"ut-btn  blue medium round\" href=\"https:\/\/maranonexperience.com\/wp-content\/uploads\/2022\/02\/Rock-Art-and-Rafting-Maranon-Brochure.pdf\">Descargar folleto<\/a>\n\n\n\n<p class=\"has-text-align-center\"><a title=\"Book Your Journey\" target=\"_self\" class=\"ut-btn  blue medium round\" href=\"mailto:contact@maranonexperience.com\">Cont\u00e1ctenos <\/a>\n\n\n\n<p><\/p>","protected":false},"excerpt":{"rendered":"<p>We offer 3 day \/ 2 night packages to explore the Mara\u00f1\u00f3n River, departing from cities of Ja\u00e9n or Chachapoyas. These short trips are the perfect complement to your explorations in Northern Peru!Join us for a weekend of Rock Art and Rafting on the Rio Mara\u00f1\u00f3n! Trips are operated year round, with the optimal (dry) [&hellip;]<\/p>","protected":false},"author":4,"featured_media":1293,"parent":0,"menu_order":0,"comment_status":"closed","ping_status":"closed","template":"","meta":{"footnotes":""},"class_list":["post-1312","page","type-page","status-publish","has-post-thumbnail","hentry"],"yoast_head":"<!-- This site is optimized with the Yoast SEO plugin v24.7 - https:\/\/yoast.com\/wordpress\/plugins\/seo\/ -->\n<title>Day Rafting on the Maranon<\/title>\n<meta name=\"description\" content=\"Join us for a day of rafting on the Maranon, or several days if you include tours of ancient ruins, coffee plantations and canyoneering!\" \/>\n<meta name=\"robots\" content=\"index, follow, max-snippet:-1, max-image-preview:large, max-video-preview:-1\" \/>\n<link rel=\"canonical\" href=\"https:\/\/maranonexperience.com\/es\/short-trips\/\" \/>\n<meta property=\"og:locale\" content=\"es_ES\" \/>\n<meta property=\"og:type\" content=\"article\" \/>\n<meta property=\"og:title\" content=\"Day Rafting on the Maranon\" \/>\n<meta property=\"og:description\" content=\"Join us for a day of rafting on the Maranon, or several days if you include tours of ancient ruins, coffee plantations and canyoneering!\" \/>\n<meta property=\"og:url\" content=\"https:\/\/maranonexperience.com\/es\/short-trips\/\" \/>\n<meta property=\"og:site_name\" content=\"Maranon Experience\" \/>\n<meta property=\"article:publisher\" content=\"https:\/\/www.facebook.com\/maranonexperience\/\" \/>\n<meta property=\"article:modified_time\" content=\"2020-06-24T02:53:28+00:00\" \/>\n<meta property=\"og:image\" content=\"https:\/\/maranonexperience.com\/wp-content\/uploads\/2018\/01\/DSC04519.jpg\" \/>\n\t<meta property=\"og:image:width\" content=\"2000\" \/>\n\t<meta property=\"og:image:height\" content=\"1333\" \/>\n\t<meta property=\"og:image:type\" content=\"image\/jpeg\" \/>\n<meta name=\"twitter:card\" content=\"summary_large_image\" \/>\n<meta name=\"twitter:label1\" content=\"Est. reading time\" \/>\n\t<meta name=\"twitter:data1\" content=\"1 minuto\" \/>\n<script type=\"application\/ld+json\" class=\"yoast-schema-graph\">{\"@context\":\"https:\/\/schema.org\",\"@graph\":[{\"@type\":\"WebPage\",\"@id\":\"https:\/\/maranonexperience.com\/short-trips\/\",\"url\":\"https:\/\/maranonexperience.com\/short-trips\/\",\"name\":\"Day Rafting on the Maranon\",\"isPartOf\":{\"@id\":\"https:\/\/maranonexperience.com\/#website\"},\"primaryImageOfPage\":{\"@id\":\"https:\/\/maranonexperience.com\/short-trips\/#primaryimage\"},\"image\":{\"@id\":\"https:\/\/maranonexperience.com\/short-trips\/#primaryimage\"},\"thumbnailUrl\":\"https:\/\/maranonexperience.com\/wp-content\/uploads\/2018\/01\/DSC04519.jpg\",\"datePublished\":\"2018-02-08T06:09:21+00:00\",\"dateModified\":\"2020-06-24T02:53:28+00:00\",\"description\":\"Join us for a day of rafting on the Maranon, or several days if you include tours of ancient ruins, coffee plantations and canyoneering!\",\"breadcrumb\":{\"@id\":\"https:\/\/maranonexperience.com\/short-trips\/#breadcrumb\"},\"inLanguage\":\"es\",\"potentialAction\":[{\"@type\":\"ReadAction\",\"target\":[\"https:\/\/maranonexperience.com\/short-trips\/\"]}]},{\"@type\":\"ImageObject\",\"inLanguage\":\"es\",\"@id\":\"https:\/\/maranonexperience.com\/short-trips\/#primaryimage\",\"url\":\"https:\/\/maranonexperience.com\/wp-content\/uploads\/2018\/01\/DSC04519.jpg\",\"contentUrl\":\"https:\/\/maranonexperience.com\/wp-content\/uploads\/2018\/01\/DSC04519.jpg\",\"width\":2000,\"height\":1333},{\"@type\":\"BreadcrumbList\",\"@id\":\"https:\/\/maranonexperience.com\/short-trips\/#breadcrumb\",\"itemListElement\":[{\"@type\":\"ListItem\",\"position\":1,\"name\":\"Home\",\"item\":\"https:\/\/maranonexperience.com\/\"},{\"@type\":\"ListItem\",\"position\":2,\"name\":\"Rock Art &#038; Rafting\"}]},{\"@type\":\"WebSite\",\"@id\":\"https:\/\/maranonexperience.com\/#website\",\"url\":\"https:\/\/maranonexperience.com\/\",\"name\":\"Maranon Experience\",\"description\":\"We will take you to the Heart of the Mara\u00f1\u00f3n River, Peru&#039;s best whitewater rafting journey.\",\"publisher\":{\"@id\":\"https:\/\/maranonexperience.com\/#organization\"},\"potentialAction\":[{\"@type\":\"SearchAction\",\"target\":{\"@type\":\"EntryPoint\",\"urlTemplate\":\"https:\/\/maranonexperience.com\/?s={search_term_string}\"},\"query-input\":{\"@type\":\"PropertyValueSpecification\",\"valueRequired\":true,\"valueName\":\"search_term_string\"}}],\"inLanguage\":\"es\"},{\"@type\":\"Organization\",\"@id\":\"https:\/\/maranonexperience.com\/#organization\",\"name\":\"Maranon Experience\",\"url\":\"https:\/\/maranonexperience.com\/\",\"logo\":{\"@type\":\"ImageObject\",\"inLanguage\":\"es\",\"@id\":\"https:\/\/maranonexperience.com\/#\/schema\/logo\/image\/\",\"url\":\"https:\/\/maranonexperience.com\/wp-content\/uploads\/2018\/03\/Maranon-Experience-Square-Light.png\",\"contentUrl\":\"https:\/\/maranonexperience.com\/wp-content\/uploads\/2018\/03\/Maranon-Experience-Square-Light.png\",\"width\":1000,\"height\":587,\"caption\":\"Maranon Experience\"},\"image\":{\"@id\":\"https:\/\/maranonexperience.com\/#\/schema\/logo\/image\/\"},\"sameAs\":[\"https:\/\/www.facebook.com\/maranonexperience\/\"]}]}<\/script>\n<!-- \/ Yoast SEO plugin. -->","yoast_head_json":{"title":"Day Rafting on the Maranon","description":"Join us for a day of rafting on the Maranon, or several days if you include tours of ancient ruins, coffee plantations and canyoneering!","robots":{"index":"index","follow":"follow","max-snippet":"max-snippet:-1","max-image-preview":"max-image-preview:large","max-video-preview":"max-video-preview:-1"},"canonical":"https:\/\/maranonexperience.com\/es\/short-trips\/","og_locale":"es_ES","og_type":"article","og_title":"Day Rafting on the Maranon","og_description":"Join us for a day of rafting on the Maranon, or several days if you include tours of ancient ruins, coffee plantations and canyoneering!","og_url":"https:\/\/maranonexperience.com\/es\/short-trips\/","og_site_name":"Maranon Experience","article_publisher":"https:\/\/www.facebook.com\/maranonexperience\/","article_modified_time":"2020-06-24T02:53:28+00:00","og_image":[{"width":2000,"height":1333,"url":"https:\/\/maranonexperience.com\/wp-content\/uploads\/2018\/01\/DSC04519.jpg","type":"image\/jpeg"}],"twitter_card":"summary_large_image","twitter_misc":{"Est. reading time":"1 minuto"},"schema":{"@context":"https:\/\/schema.org","@graph":[{"@type":"WebPage","@id":"https:\/\/maranonexperience.com\/short-trips\/","url":"https:\/\/maranonexperience.com\/short-trips\/","name":"Day Rafting on the Maranon","isPartOf":{"@id":"https:\/\/maranonexperience.com\/#website"},"primaryImageOfPage":{"@id":"https:\/\/maranonexperience.com\/short-trips\/#primaryimage"},"image":{"@id":"https:\/\/maranonexperience.com\/short-trips\/#primaryimage"},"thumbnailUrl":"https:\/\/maranonexperience.com\/wp-content\/uploads\/2018\/01\/DSC04519.jpg","datePublished":"2018-02-08T06:09:21+00:00","dateModified":"2020-06-24T02:53:28+00:00","description":"Join us for a day of rafting on the Maranon, or several days if you include tours of ancient ruins, coffee plantations and canyoneering!","breadcrumb":{"@id":"https:\/\/maranonexperience.com\/short-trips\/#breadcrumb"},"inLanguage":"es","potentialAction":[{"@type":"ReadAction","target":["https:\/\/maranonexperience.com\/short-trips\/"]}]},{"@type":"ImageObject","inLanguage":"es","@id":"https:\/\/maranonexperience.com\/short-trips\/#primaryimage","url":"https:\/\/maranonexperience.com\/wp-content\/uploads\/2018\/01\/DSC04519.jpg","contentUrl":"https:\/\/maranonexperience.com\/wp-content\/uploads\/2018\/01\/DSC04519.jpg","width":2000,"height":1333},{"@type":"BreadcrumbList","@id":"https:\/\/maranonexperience.com\/short-trips\/#breadcrumb","itemListElement":[{"@type":"ListItem","position":1,"name":"Home","item":"https:\/\/maranonexperience.com\/"},{"@type":"ListItem","position":2,"name":"Rock Art &#038; Rafting"}]},{"@type":"WebSite","@id":"https:\/\/maranonexperience.com\/#website","url":"https:\/\/maranonexperience.com\/","name":"Maranon Experience","description":"We will take you to the Heart of the Mara\u00f1\u00f3n River, Peru&#039;s best whitewater rafting journey.","publisher":{"@id":"https:\/\/maranonexperience.com\/#organization"},"potentialAction":[{"@type":"SearchAction","target":{"@type":"EntryPoint","urlTemplate":"https:\/\/maranonexperience.com\/?s={search_term_string}"},"query-input":{"@type":"PropertyValueSpecification","valueRequired":true,"valueName":"search_term_string"}}],"inLanguage":"es"},{"@type":"Organization","@id":"https:\/\/maranonexperience.com\/#organization","name":"Maranon Experience","url":"https:\/\/maranonexperience.com\/","logo":{"@type":"ImageObject","inLanguage":"es","@id":"https:\/\/maranonexperience.com\/#\/schema\/logo\/image\/","url":"https:\/\/maranonexperience.com\/wp-content\/uploads\/2018\/03\/Maranon-Experience-Square-Light.png","contentUrl":"https:\/\/maranonexperience.com\/wp-content\/uploads\/2018\/03\/Maranon-Experience-Square-Light.png","width":1000,"height":587,"caption":"Maranon Experience"},"image":{"@id":"https:\/\/maranonexperience.com\/#\/schema\/logo\/image\/"},"sameAs":["https:\/\/www.facebook.com\/maranonexperience\/"]}]}},"_links":{"self":[{"href":"https:\/\/maranonexperience.com\/es\/wp-json\/wp\/v2\/pages\/1312","targetHints":{"allow":["GET"]}}],"collection":[{"href":"https:\/\/maranonexperience.com\/es\/wp-json\/wp\/v2\/pages"}],"about":[{"href":"https:\/\/maranonexperience.com\/es\/wp-json\/wp\/v2\/types\/page"}],"author":[{"embeddable":true,"href":"https:\/\/maranonexperience.com\/es\/wp-json\/wp\/v2\/users\/4"}],"replies":[{"embeddable":true,"href":"https:\/\/maranonexperience.com\/es\/wp-json\/wp\/v2\/comments?post=1312"}],"version-history":[{"count":24,"href":"https:\/\/maranonexperience.com\/es\/wp-json\/wp\/v2\/pages\/1312\/revisions"}],"predecessor-version":[{"id":1759,"href":"https:\/\/maranonexperience.com\/es\/wp-json\/wp\/v2\/pages\/1312\/revisions\/1759"}],"wp:featuredmedia":[{"embeddable":true,"href":"https:\/\/maranonexperience.com\/es\/wp-json\/wp\/v2\/media\/1293"}],"wp:attachment":[{"href":"https:\/\/maranonexperience.com\/es\/wp-json\/wp\/v2\/media?parent=1312"}],"curies":[{"name":"wp","href":"https:\/\/api.w.org\/{rel}","templated":true}]}}