{"id":652,"date":"2016-03-11T10:07:36","date_gmt":"2016-03-11T10:07:36","guid":{"rendered":"http:\/\/maranonexperience.com\/?page_id=652"},"modified":"2026-03-25T01:00:50","modified_gmt":"2026-03-25T01:00:50","slug":"7-day-raft-tour","status":"publish","type":"page","link":"https:\/\/maranonexperience.com\/es\/7-day-raft-tour\/","title":{"rendered":"7 Days Rafting"},"content":{"rendered":"<div  class=\"ut-one-third\"><div  class=\"ut-alert grey\">\n<h2>Coraz\u00f3n del Mara\u00f1\u00f3n<\/h2>\n<h3>7 d\u00edas de canotaje (Programa 8D\/8N)<\/h3>\n<p>El viaje por el r\u00edo Mara\u00f1\u00f3n es uno de los m\u00e1s singulares del planeta. Visitas a aislados pueblos ribere\u00f1os, cascadas, pozas naturales, arte rupestre, ruinas pre inca, sumergidos en flora y fauna que no se encuentran en ning\u00fan otro lugar del planeta. Nuestro recorrido por el Gran Ca\u00f1\u00f3n de Sudam\u00e9rica te dejar\u00e1 impresionado.<\/p>\n<p>Este viaje de canotaje de 7 d\u00edas por el Mara\u00f1\u00f3n ofrece una combinaci\u00f3n \u00fanica de expedici\u00f3n de r\u00edo, intercambio cultural y agua blanca divertid\u00edsima; todo esto se puede experimentar en una sola semana de vacaciones. El Mara\u00f1\u00f3n ofrece un acceso inigualable para volar muy cerca de los puntos de inicio y final, y una temporada larga e incluso durante todo el a\u00f1o, lo que significa que puede viajar cuando lo desee.<\/p>\n<p style=\"text-align: center;\"><em>Te llevaremos al Coraz\u00f3n del Mara\u00f1\u00f3n.<\/em><\/p>\n<p style=\"text-align: center;\"><a title=\"      Download Info Sheet      \" target=\"_other\" class=\"ut-btn  blue medium round\" href=\"http:\/\/maranonexperience.com\/wp-content\/uploads\/2022\/02\/Heart-of-the-Maranon-Rafting-Brochure.pdf\">Descargar folleto<\/a>\n<p style=\"text-align: center;\"><a title=\"RESERVAR AHORA\" target=\"_self\" class=\"ut-btn  theme-btn medium round\" href=\"https:\/\/www.wetravel.com\/trips\/grand-canyon-of-the-maranon-andes-to-amazon-northern-peru-maranon-experience-5642583663\">RESERVAR AHORA <\/a>\n<\/div>\n<\/div>\n<div  class=\"ut-two-thirds ut-column-last\">\n\n\t\t\t<!-- START 11 Day REVOLUTION SLIDER 6.4.11 --><p class=\"rs-p-wp-fix\"><\/p>\n\t\t\t<rs-module-wrap id=\"rev_slider_4_1_wrapper\" data-source=\"gallery\" style=\"background:#0a0a0a;padding:1;margin:0px auto;margin-top:0;margin-bottom:0;max-width:;\">\n\t\t\t\t<rs-module id=\"rev_slider_4_1\" style=\"\" data-version=\"6.4.11\">\n\t\t\t\t\t<rs-slides>\n\t\t\t\t\t\t<rs-slide data-key=\"rs-203\" data-title=\"Slide\" data-thumb=\"\/\/maranonexperience.com\/wp-content\/uploads\/2019\/12\/BENJ1898-100x100.jpg\" data-anim=\"ms:600;\" data-in=\"o:0;\" data-out=\"a:false;\">\n\t\t\t\t\t\t\t<img decoding=\"async\" src=\"\/\/maranonexperience.com\/wp-content\/uploads\/2019\/12\/BENJ1898.jpg\" title=\"7 Days Rafting\" class=\"rev-slidebg tp-rs-img\" data-no-retina>\n<!---->\t\t\t\t\t\t<\/rs-slide>\n\t\t\t\t\t\t<rs-slide data-key=\"rs-76\" data-title=\"Slide\" data-thumb=\"\/\/maranonexperience.com\/wp-content\/uploads\/2016\/03\/viaje-julio-63-100x100.jpg\" data-anim=\"ms:600;\" data-in=\"o:0;\" data-out=\"a:false;\">\n\t\t\t\t\t\t\t<img decoding=\"async\" src=\"\/\/maranonexperience.com\/wp-content\/uploads\/2016\/03\/viaje-julio-63.jpg\" title=\"7 Days Rafting\" class=\"rev-slidebg tp-rs-img\" data-no-retina>\n<!---->\t\t\t\t\t\t<\/rs-slide>\n\t\t\t\t\t\t<rs-slide data-key=\"rs-171\" data-title=\"Slide\" data-thumb=\"\/\/maranonexperience.com\/wp-content\/uploads\/2018\/08\/MEx-5-100x100.jpg\" data-in=\"o:0;\" data-out=\"a:false;\">\n\t\t\t\t\t\t\t<img decoding=\"async\" src=\"\/\/maranonexperience.com\/wp-content\/uploads\/2018\/08\/MEx-5.jpg\" title=\"7 Days Rafting\" class=\"rev-slidebg tp-rs-img\" data-no-retina>\n<!---->\t\t\t\t\t\t<\/rs-slide>\n\t\t\t\t\t\t<rs-slide data-key=\"rs-65\" data-title=\"Slide\" data-thumb=\"\/\/maranonexperience.com\/wp-content\/uploads\/2016\/03\/IMG_6991Landscape-01-100x100.jpg\" data-in=\"o:0;\" data-out=\"a:false;\">\n\t\t\t\t\t\t\t<img decoding=\"async\" src=\"\/\/maranonexperience.com\/wp-content\/uploads\/2016\/03\/IMG_6991Landscape-01.jpg\" title=\"7 Days Rafting\" class=\"rev-slidebg tp-rs-img\" data-no-retina>\n<!---->\t\t\t\t\t\t<\/rs-slide>\n\t\t\t\t\t\t<rs-slide data-key=\"rs-172\" data-title=\"Slide\" data-thumb=\"\/\/maranonexperience.com\/wp-content\/uploads\/2018\/08\/MEx-1-100x100.jpg\" data-in=\"o:0;\" data-out=\"a:false;\">\n\t\t\t\t\t\t\t<img decoding=\"async\" src=\"\/\/maranonexperience.com\/wp-content\/uploads\/2018\/08\/MEx-1.jpg\" title=\"7 Days Rafting\" class=\"rev-slidebg tp-rs-img\" data-no-retina>\n<!---->\t\t\t\t\t\t<\/rs-slide>\n\t\t\t\t\t\t<rs-slide data-key=\"rs-71\" data-title=\"Slide\" data-thumb=\"\/\/maranonexperience.com\/wp-content\/uploads\/2016\/03\/viaje-previo-28-100x100.jpg\" data-in=\"o:0;\" data-out=\"a:false;\">\n\t\t\t\t\t\t\t<img decoding=\"async\" src=\"\/\/maranonexperience.com\/wp-content\/uploads\/2016\/03\/viaje-previo-28.jpg\" title=\"7 Days Rafting\" class=\"rev-slidebg tp-rs-img\" data-no-retina>\n<!---->\t\t\t\t\t\t<\/rs-slide>\n\t\t\t\t\t\t<rs-slide data-key=\"rs-170\" data-title=\"Slide\" data-thumb=\"\/\/maranonexperience.com\/wp-content\/uploads\/2018\/08\/MEx-11-100x100.jpg\" data-in=\"o:0;\" data-out=\"a:false;\">\n\t\t\t\t\t\t\t<img decoding=\"async\" src=\"\/\/maranonexperience.com\/wp-content\/uploads\/2018\/08\/MEx-11.jpg\" title=\"7 Days Rafting\" class=\"rev-slidebg tp-rs-img\" data-no-retina>\n<!---->\t\t\t\t\t\t<\/rs-slide>\n\t\t\t\t\t\t<rs-slide data-key=\"rs-66\" data-title=\"Slide\" data-thumb=\"\/\/maranonexperience.com\/wp-content\/uploads\/2016\/03\/IMG_7224-100x100.jpg\" data-in=\"o:0;\" data-out=\"a:false;\">\n\t\t\t\t\t\t\t<img decoding=\"async\" src=\"\/\/maranonexperience.com\/wp-content\/uploads\/2016\/03\/IMG_7224.jpg\" title=\"7 Days Rafting\" class=\"rev-slidebg tp-rs-img\" data-no-retina>\n<!---->\t\t\t\t\t\t<\/rs-slide>\n\t\t\t\t\t\t<rs-slide data-key=\"rs-64\" data-title=\"Slide\" data-thumb=\"\/\/maranonexperience.com\/wp-content\/uploads\/2016\/03\/IMG_7295-100x100.jpg\" data-in=\"o:0;\" data-out=\"a:false;\">\n\t\t\t\t\t\t\t<img decoding=\"async\" src=\"\/\/maranonexperience.com\/wp-content\/uploads\/2016\/03\/IMG_7295.jpg\" title=\"7 Days Rafting\" class=\"rev-slidebg tp-rs-img\" data-no-retina>\n<!---->\t\t\t\t\t\t<\/rs-slide>\n\t\t\t\t\t\t<rs-slide data-key=\"rs-68\" data-title=\"Slide\" data-thumb=\"\/\/maranonexperience.com\/wp-content\/uploads\/2016\/03\/IMG_6888-100x100.jpg\" data-in=\"o:0;\" data-out=\"a:false;\">\n\t\t\t\t\t\t\t<img decoding=\"async\" src=\"\/\/maranonexperience.com\/wp-content\/uploads\/2016\/03\/IMG_6888.jpg\" title=\"7 Days Rafting\" class=\"rev-slidebg tp-rs-img\" data-no-retina>\n<!---->\t\t\t\t\t\t<\/rs-slide>\n\t\t\t\t\t\t<rs-slide data-key=\"rs-69\" data-title=\"Slide\" data-thumb=\"\/\/maranonexperience.com\/wp-content\/uploads\/2016\/03\/IMG_6929-1-100x100.jpg\" data-in=\"o:0;\" data-out=\"a:false;\">\n\t\t\t\t\t\t\t<img decoding=\"async\" src=\"\/\/maranonexperience.com\/wp-content\/uploads\/2016\/03\/IMG_6929-1.jpg\" title=\"7 Days Rafting\" class=\"rev-slidebg tp-rs-img\" data-no-retina>\n<!---->\t\t\t\t\t\t<\/rs-slide>\n\t\t\t\t\t\t<rs-slide data-key=\"rs-173\" data-title=\"Slide\" data-thumb=\"\/\/maranonexperience.com\/wp-content\/uploads\/2018\/08\/Her-Odyssey-100x100.jpg\" data-in=\"o:0;\" data-out=\"a:false;\">\n\t\t\t\t\t\t\t<img decoding=\"async\" src=\"\/\/maranonexperience.com\/wp-content\/uploads\/2018\/08\/Her-Odyssey.jpg\" title=\"7 Days Rafting\" class=\"rev-slidebg tp-rs-img\" data-no-retina>\n<!---->\t\t\t\t\t\t<\/rs-slide>\n\t\t\t\t\t\t<rs-slide data-key=\"rs-73\" data-title=\"Slide\" data-thumb=\"\/\/maranonexperience.com\/wp-content\/uploads\/2016\/03\/viaje-julio-106-100x100.jpg\" data-in=\"o:0;\" data-out=\"a:false;\">\n\t\t\t\t\t\t\t<img decoding=\"async\" src=\"\/\/maranonexperience.com\/wp-content\/uploads\/2016\/03\/viaje-julio-106.jpg\" title=\"7 Days Rafting\" class=\"rev-slidebg tp-rs-img\" data-no-retina>\n<!---->\t\t\t\t\t\t<\/rs-slide>\n\t\t\t\t\t\t<rs-slide data-key=\"rs-72\" data-title=\"Slide\" data-thumb=\"\/\/maranonexperience.com\/wp-content\/uploads\/2016\/03\/viaje-previo-26-100x100.jpg\" data-in=\"o:0;\" data-out=\"a:false;\">\n\t\t\t\t\t\t\t<img decoding=\"async\" src=\"\/\/maranonexperience.com\/wp-content\/uploads\/2016\/03\/viaje-previo-26.jpg\" title=\"7 Days Rafting\" class=\"rev-slidebg tp-rs-img\" data-no-retina>\n<!---->\t\t\t\t\t\t<\/rs-slide>\n\t\t\t\t\t\t<rs-slide data-key=\"rs-167\" data-title=\"Slide\" data-thumb=\"\/\/maranonexperience.com\/wp-content\/uploads\/2018\/08\/Steve-100x100.jpg\" data-in=\"o:0;\" data-out=\"a:false;\">\n\t\t\t\t\t\t\t<img decoding=\"async\" src=\"\/\/maranonexperience.com\/wp-content\/uploads\/2018\/08\/Steve.jpg\" title=\"7 Days Rafting\" class=\"rev-slidebg tp-rs-img\" data-no-retina>\n<!---->\t\t\t\t\t\t<\/rs-slide>\n\t\t\t\t\t\t<rs-slide data-key=\"rs-168\" data-title=\"Slide\" data-thumb=\"\/\/maranonexperience.com\/wp-content\/uploads\/2018\/08\/MEx-148-100x100.jpg\" data-in=\"o:0;\" data-out=\"a:false;\">\n\t\t\t\t\t\t\t<img decoding=\"async\" src=\"\/\/maranonexperience.com\/wp-content\/uploads\/2018\/08\/MEx-148.jpg\" title=\"7 Days Rafting\" class=\"rev-slidebg tp-rs-img\" data-no-retina>\n<!---->\t\t\t\t\t\t<\/rs-slide>\n\t\t\t\t\t\t<rs-slide data-key=\"rs-169\" data-title=\"Slide\" data-thumb=\"\/\/maranonexperience.com\/wp-content\/uploads\/2018\/08\/MEx-143-100x100.jpg\" data-in=\"o:0;\" data-out=\"a:false;\">\n\t\t\t\t\t\t\t<img decoding=\"async\" src=\"\/\/maranonexperience.com\/wp-content\/uploads\/2018\/08\/MEx-143.jpg\" title=\"7 Days Rafting\" class=\"rev-slidebg tp-rs-img\" data-no-retina>\n<!---->\t\t\t\t\t\t<\/rs-slide>\n\t\t\t\t\t<\/rs-slides>\n\t\t\t\t<\/rs-module>\n\t\t\t\t<script type=\"text\/javascript\">\n\t\t\t\t\tsetREVStartSize({c: 'rev_slider_4_1',rl:[1240,1024,778,480],el:[],gw:[1240],gh:[868],type:'standard',justify:'',layout:'fullwidth',thumbh:\"110\",thumbhide:\"50\",mh:\"0\"});\n\t\t\t\t\tvar\trevapi4,\n\t\t\t\t\t\ttpj;\n\t\t\t\t\tfunction revinit_revslider41() {\n\t\t\t\t\tjQuery(function() {\n\t\t\t\t\t\ttpj = jQuery;\n\t\t\t\t\t\trevapi4 = tpj(\"#rev_slider_4_1\");\n\t\t\t\t\t\tif(revapi4==undefined || revapi4.revolution == undefined){\n\t\t\t\t\t\t\trevslider_showDoubleJqueryError(\"rev_slider_4_1\");\n\t\t\t\t\t\t}else{\n\t\t\t\t\t\t\trevapi4.revolution({\n\t\t\t\t\t\t\t\tduration:12000,\n\t\t\t\t\t\t\t\tvisibilityLevels:\"1240,1024,778,480\",\n\t\t\t\t\t\t\t\tgridwidth:1240,\n\t\t\t\t\t\t\t\tgridheight:868,\n\t\t\t\t\t\t\t\tperspectiveType:\"local\",\n\t\t\t\t\t\t\t\tresponsiveLevels:\"1240,1024,778,480\",\n\t\t\t\t\t\t\t\tprogressBar: {\n\t\t\t\t\t\t\t\t\tcolor:\"rgba(0,0,0,0.15)\",\n\t\t\t\t\t\t\t\t\tvertical:\"top\",\n\t\t\t\t\t\t\t\t\tsize:5\n\t\t\t\t\t\t\t\t},\n\t\t\t\t\t\t\t\tnavigation: {\n\t\t\t\t\t\t\t\t\tkeyboardNavigation:true,\n\t\t\t\t\t\t\t\t\tmouseScrollNavigation:false,\n\t\t\t\t\t\t\t\t\tonHoverStop:false,\n\t\t\t\t\t\t\t\t\ttouch: {\n\t\t\t\t\t\t\t\t\t\ttouchenabled:true,\n\t\t\t\t\t\t\t\t\t\tswipe_min_touches:50\n\t\t\t\t\t\t\t\t\t},\n\t\t\t\t\t\t\t\t\tarrows: {\n\t\t\t\t\t\t\t\t\t\tenable:true,\n\t\t\t\t\t\t\t\t\t\tstyle:\"custom\",\n\t\t\t\t\t\t\t\t\t\tleft: {\n\n\t\t\t\t\t\t\t\t\t\t},\n\t\t\t\t\t\t\t\t\t\tright: {\n\n\t\t\t\t\t\t\t\t\t\t}\n\t\t\t\t\t\t\t\t\t},\n\t\t\t\t\t\t\t\t\tthumbnails: {\n\t\t\t\t\t\t\t\t\t\tenable:true,\n\t\t\t\t\t\t\t\t\t\ttmp:\"<span class=\\\"tp-thumb-img-wrap\\\">  <span class=\\\"tp-thumb-image\\\"><\/span><\/span>\",\n\t\t\t\t\t\t\t\t\t\tstyle:\"gyges\",\n\t\t\t\t\t\t\t\t\t\thide_onmobile:true,\n\t\t\t\t\t\t\t\t\t\thide_under:50,\n\t\t\t\t\t\t\t\t\t\tspace:5,\n\t\t\t\t\t\t\t\t\t\theight:100,\n\t\t\t\t\t\t\t\t\t\twrapper_padding:5,\n\t\t\t\t\t\t\t\t\t\twrapper_color:\"rgba(4,38,34,1)\",\n\t\t\t\t\t\t\t\t\t\tvisibleAmount:15,\n\t\t\t\t\t\t\t\t\t\tspan:true,\n\t\t\t\t\t\t\t\t\t\tposition:\"outer-horizontal\"\n\t\t\t\t\t\t\t\t\t}\n\t\t\t\t\t\t\t\t},\n\t\t\t\t\t\t\t\tfallbacks: {\n\t\t\t\t\t\t\t\t\tallowHTML5AutoPlayOnAndroid:true\n\t\t\t\t\t\t\t\t},\n\t\t\t\t\t\t\t});\n\t\t\t\t\t\t}\n\t\t\t\t\t\t\n\t\t\t\t\t});\n\t\t\t\t\t} \/\/ End of RevInitScript\n\t\t\t\tvar once_revslider41 = false;\n\t\t\t\tif (document.readyState === \"loading\") {document.addEventListener('readystatechange',function() { if((document.readyState === \"interactive\" || document.readyState === \"complete\") && !once_revslider41 ) { once_revslider41 = true; revinit_revslider41();}});} else {once_revslider41 = true; revinit_revslider41();}\n\t\t\t\t<\/script>\n\t\t\t\t<script>\n\t\t\t\t\tvar htmlDivCss = unescape(\"%23rev_slider_4_1_wrapper%20.custom.tparrows%20%7B%0A%09cursor%3Apointer%3B%0A%09background%3A%23000%3B%0A%09background%3Argba%280%2C0%2C0%2C0.5%29%3B%0A%09width%3A40px%3B%0A%09height%3A40px%3B%0A%09position%3Aabsolute%3B%0A%09display%3Ablock%3B%0A%09z-index%3A1000%3B%0A%7D%0A%23rev_slider_4_1_wrapper%20.custom.tparrows.rs-touchhover%20%7B%0A%09background%3A%23000%3B%0A%7D%0A%23rev_slider_4_1_wrapper%20.custom.tparrows%3Abefore%20%7B%0A%09font-family%3A%20%27revicons%27%3B%0A%09font-size%3A15px%3B%0A%09color%3A%23fff%3B%0A%09display%3Ablock%3B%0A%09line-height%3A%2040px%3B%0A%09text-align%3A%20center%3B%0A%7D%0A%23rev_slider_4_1_wrapper%20.custom.tparrows.tp-leftarrow%3Abefore%20%7B%0A%09content%3A%20%27%5Ce824%27%3B%0A%7D%0A%23rev_slider_4_1_wrapper%20.custom.tparrows.tp-rightarrow%3Abefore%20%7B%0A%09content%3A%20%27%5Ce825%27%3B%0A%7D%0A%0A%0A%23rev_slider_4_1_wrapper%20.gyges%20.tp-thumb%20%7B%20%0A%20%20%20%20%20%20opacity%3A1%0A%20%20%7D%0A%23rev_slider_4_1_wrapper%20.gyges%20.tp-thumb-img-wrap%20%7B%0A%20%20padding%3A3px%3B%0A%20%20background-color%3Argba%280%2C0%2C0%2C0.25%29%3B%0A%20%20display%3Ainline-block%3B%0A%0A%20%20width%3A100%25%3B%0A%20%20height%3A100%25%3B%0A%20%20position%3Arelative%3B%0A%20%20margin%3A0px%3B%0A%20%20box-sizing%3Aborder-box%3B%0A%20%20%20%20transition%3Aall%200.3s%3B%0A%20%20%20%20-webkit-transition%3Aall%200.3s%3B%0A%7D%0A%23rev_slider_4_1_wrapper%20.gyges%20.tp-thumb-image%20%7B%0A%20%20%20padding%3A3px%3B%20%0A%20%20%20display%3Ablock%3B%0A%20%20%20box-sizing%3Aborder-box%3B%0A%20%20%20position%3Arelative%3B%0A%20%20%20%20-webkit-box-shadow%3A%20inset%205px%205px%2010px%200px%20rgba%280%2C0%2C0%2C0.25%29%3B%0A%20%20-moz-box-shadow%3A%20inset%205px%205px%2010px%200px%20rgba%280%2C0%2C0%2C0.25%29%3B%0A%20%20box-shadow%3A%20inset%205px%205px%2010px%200px%20rgba%280%2C0%2C0%2C0.25%29%3B%0A%20%7D%20%20%0A%0A%23rev_slider_4_1_wrapper%20.gyges%20.tp-thumb.rs-touchhover%20.tp-thumb-img-wrap%2C%0A%20%23rev_slider_4_1_wrapper%20.gyges%20.tp-thumb.selected%20.tp-thumb-img-wrap%20%7B%0A%20%20%20%20background%3A%20-moz-linear-gradient%28top%2C%20%20%23ffffff%200%25%2C%20%23777777%20100%25%29%3B%0Abackground%3A%20-webkit-gradient%28left%20top%2C%20left%20bottom%2C%20color-stop%280%25%2C%20%23ffffff%2C%20color-stop%28100%25%2C%20%23777777%29%29%29%3B%0Abackground%3A%20-webkit-linear-gradient%28top%2C%20%23ffffff%200%25%2C%20%23777777%20100%25%29%3B%0Abackground%3A%20-o-linear-gradient%28top%2C%20%23ffffff%200%25%2C%20%23777777%20100%25%29%3B%0Abackground%3A%20-ms-linear-gradient%28top%2C%20%23ffffff%200%25%2C%20%23777777%20100%25%29%3B%0Abackground%3A%20linear-gradient%28to%20bottom%2C%20%23ffffff%200%25%2C%20%23777777%20100%25%29%3B%0A%0A%7D%0A%0A%0A\");\n\t\t\t\t\tvar htmlDiv = document.getElementById('rs-plugin-settings-inline-css');\n\t\t\t\t\tif(htmlDiv) {\n\t\t\t\t\t\thtmlDiv.innerHTML = htmlDiv.innerHTML + htmlDivCss;\n\t\t\t\t\t}else{\n\t\t\t\t\t\tvar htmlDiv = document.createElement('div');\n\t\t\t\t\t\thtmlDiv.innerHTML = '<style>' + htmlDivCss + '<\/style>';\n\t\t\t\t\t\tdocument.getElementsByTagName('head')[0].appendChild(htmlDiv.childNodes[0]);\n\t\t\t\t\t}\n\t\t\t\t<\/script>\n\t\t\t\t<script>\n\t\t\t\t\tvar htmlDivCss = unescape(\"%0A%0A%0A%0A%0A%0A%0A%0A%0A%0A%0A%0A%0A%0A%0A%0A%0A%0A%0A%0A%0A%0A%0A%0A%0A%0A%0A%0A%0A%0A%0A%0A%0A%0A\");\n\t\t\t\t\tvar htmlDiv = document.getElementById('rs-plugin-settings-inline-css');\n\t\t\t\t\tif(htmlDiv) {\n\t\t\t\t\t\thtmlDiv.innerHTML = htmlDiv.innerHTML + htmlDivCss;\n\t\t\t\t\t}else{\n\t\t\t\t\t\tvar htmlDiv = document.createElement('div');\n\t\t\t\t\t\thtmlDiv.innerHTML = '<style>' + htmlDivCss + '<\/style>';\n\t\t\t\t\t\tdocument.getElementsByTagName('head')[0].appendChild(htmlDiv.childNodes[0]);\n\t\t\t\t\t}\n\t\t\t\t<\/script>\n\t\t\t<\/rs-module-wrap>\n\t\t\t<!-- END REVOLUTION SLIDER -->\n\n<\/div><div class=\"clear\"><\/div>","protected":false},"excerpt":{"rendered":"Heart of the Mara\u00f1\u00f3n 7 Days Rafting (9D\/8N Package) The Mara\u00f1\u00f3n River is one of the most unique river journeys on the planet. Isolated riverside villages, cascading waterfalls, natural swimming holes, ancient rock art, ruins, along with flora and fauna not found anywhere else on the planet.\u00a0 Our tour through the Grand Canyon of South [...]","protected":false},"author":4,"featured_media":1128,"parent":0,"menu_order":0,"comment_status":"closed","ping_status":"closed","template":"","meta":{"footnotes":""},"class_list":["post-652","page","type-page","status-publish","has-post-thumbnail","hentry"],"yoast_head":"<!-- This site is optimized with the Yoast SEO plugin v24.7 - https:\/\/yoast.com\/wordpress\/plugins\/seo\/ -->\n<title>7 Days Whitewater Rafting on the Mara\u00f1on River, Peru<\/title>\n<meta name=\"description\" content=\"Experience the Heart of the Mar\u00f1on river on an unforgettable 7 day whitewater rafting journey. Travel in style with Mara\u00f1\u00f3n Experience.\" \/>\n<meta name=\"robots\" content=\"index, follow, max-snippet:-1, max-image-preview:large, max-video-preview:-1\" \/>\n<link rel=\"canonical\" href=\"https:\/\/maranonexperience.com\/es\/7-day-raft-tour\/\" \/>\n<meta property=\"og:locale\" content=\"es_ES\" \/>\n<meta property=\"og:type\" content=\"article\" \/>\n<meta property=\"og:title\" content=\"7 Days Whitewater Rafting on the Mara\u00f1on River, Peru\" \/>\n<meta property=\"og:description\" content=\"Experience the Heart of the Mar\u00f1on river on an unforgettable 7 day whitewater rafting journey. Travel in style with Mara\u00f1\u00f3n Experience.\" \/>\n<meta property=\"og:url\" content=\"https:\/\/maranonexperience.com\/es\/7-day-raft-tour\/\" \/>\n<meta property=\"og:site_name\" content=\"Maranon Experience\" \/>\n<meta property=\"article:publisher\" content=\"https:\/\/www.facebook.com\/maranonexperience\/\" \/>\n<meta property=\"article:modified_time\" content=\"2026-03-25T01:00:50+00:00\" \/>\n<meta property=\"og:image\" content=\"https:\/\/maranonexperience.com\/wp-content\/uploads\/2016\/03\/IMG_7013square-01.jpg\" \/>\n\t<meta property=\"og:image:width\" content=\"1021\" \/>\n\t<meta property=\"og:image:height\" content=\"1021\" \/>\n\t<meta property=\"og:image:type\" content=\"image\/jpeg\" \/>\n<meta name=\"twitter:card\" content=\"summary_large_image\" \/>\n<meta name=\"twitter:label1\" content=\"Est. reading time\" \/>\n\t<meta name=\"twitter:data1\" content=\"1 minuto\" \/>\n<script type=\"application\/ld+json\" class=\"yoast-schema-graph\">{\"@context\":\"https:\/\/schema.org\",\"@graph\":[{\"@type\":\"WebPage\",\"@id\":\"https:\/\/maranonexperience.com\/7-day-raft-tour\/\",\"url\":\"https:\/\/maranonexperience.com\/7-day-raft-tour\/\",\"name\":\"7 Days Whitewater Rafting on the Mara\u00f1on River, Peru\",\"isPartOf\":{\"@id\":\"https:\/\/maranonexperience.com\/#website\"},\"primaryImageOfPage\":{\"@id\":\"https:\/\/maranonexperience.com\/7-day-raft-tour\/#primaryimage\"},\"image\":{\"@id\":\"https:\/\/maranonexperience.com\/7-day-raft-tour\/#primaryimage\"},\"thumbnailUrl\":\"https:\/\/maranonexperience.com\/wp-content\/uploads\/2016\/03\/IMG_7013square-01.jpg\",\"datePublished\":\"2016-03-11T10:07:36+00:00\",\"dateModified\":\"2026-03-25T01:00:50+00:00\",\"description\":\"Experience the Heart of the Mar\u00f1on river on an unforgettable 7 day whitewater rafting journey. Travel in style with Mara\u00f1\u00f3n Experience.\",\"breadcrumb\":{\"@id\":\"https:\/\/maranonexperience.com\/7-day-raft-tour\/#breadcrumb\"},\"inLanguage\":\"es\",\"potentialAction\":[{\"@type\":\"ReadAction\",\"target\":[\"https:\/\/maranonexperience.com\/7-day-raft-tour\/\"]}]},{\"@type\":\"ImageObject\",\"inLanguage\":\"es\",\"@id\":\"https:\/\/maranonexperience.com\/7-day-raft-tour\/#primaryimage\",\"url\":\"https:\/\/maranonexperience.com\/wp-content\/uploads\/2016\/03\/IMG_7013square-01.jpg\",\"contentUrl\":\"https:\/\/maranonexperience.com\/wp-content\/uploads\/2016\/03\/IMG_7013square-01.jpg\",\"width\":1021,\"height\":1021,\"caption\":\"Maranon River Rafting\"},{\"@type\":\"BreadcrumbList\",\"@id\":\"https:\/\/maranonexperience.com\/7-day-raft-tour\/#breadcrumb\",\"itemListElement\":[{\"@type\":\"ListItem\",\"position\":1,\"name\":\"Home\",\"item\":\"https:\/\/maranonexperience.com\/\"},{\"@type\":\"ListItem\",\"position\":2,\"name\":\"7 Days Rafting\"}]},{\"@type\":\"WebSite\",\"@id\":\"https:\/\/maranonexperience.com\/#website\",\"url\":\"https:\/\/maranonexperience.com\/\",\"name\":\"Maranon Experience\",\"description\":\"We will take you to the Heart of the Mara\u00f1\u00f3n River, Peru&#039;s best whitewater rafting journey.\",\"publisher\":{\"@id\":\"https:\/\/maranonexperience.com\/#organization\"},\"potentialAction\":[{\"@type\":\"SearchAction\",\"target\":{\"@type\":\"EntryPoint\",\"urlTemplate\":\"https:\/\/maranonexperience.com\/?s={search_term_string}\"},\"query-input\":{\"@type\":\"PropertyValueSpecification\",\"valueRequired\":true,\"valueName\":\"search_term_string\"}}],\"inLanguage\":\"es\"},{\"@type\":\"Organization\",\"@id\":\"https:\/\/maranonexperience.com\/#organization\",\"name\":\"Maranon Experience\",\"url\":\"https:\/\/maranonexperience.com\/\",\"logo\":{\"@type\":\"ImageObject\",\"inLanguage\":\"es\",\"@id\":\"https:\/\/maranonexperience.com\/#\/schema\/logo\/image\/\",\"url\":\"https:\/\/maranonexperience.com\/wp-content\/uploads\/2018\/03\/Maranon-Experience-Square-Light.png\",\"contentUrl\":\"https:\/\/maranonexperience.com\/wp-content\/uploads\/2018\/03\/Maranon-Experience-Square-Light.png\",\"width\":1000,\"height\":587,\"caption\":\"Maranon Experience\"},\"image\":{\"@id\":\"https:\/\/maranonexperience.com\/#\/schema\/logo\/image\/\"},\"sameAs\":[\"https:\/\/www.facebook.com\/maranonexperience\/\"]}]}<\/script>\n<!-- \/ Yoast SEO plugin. -->","yoast_head_json":{"title":"7 Days Whitewater Rafting on the Mara\u00f1on River, Peru","description":"Experience the Heart of the Mar\u00f1on river on an unforgettable 7 day whitewater rafting journey. Travel in style with Mara\u00f1\u00f3n Experience.","robots":{"index":"index","follow":"follow","max-snippet":"max-snippet:-1","max-image-preview":"max-image-preview:large","max-video-preview":"max-video-preview:-1"},"canonical":"https:\/\/maranonexperience.com\/es\/7-day-raft-tour\/","og_locale":"es_ES","og_type":"article","og_title":"7 Days Whitewater Rafting on the Mara\u00f1on River, Peru","og_description":"Experience the Heart of the Mar\u00f1on river on an unforgettable 7 day whitewater rafting journey. Travel in style with Mara\u00f1\u00f3n Experience.","og_url":"https:\/\/maranonexperience.com\/es\/7-day-raft-tour\/","og_site_name":"Maranon Experience","article_publisher":"https:\/\/www.facebook.com\/maranonexperience\/","article_modified_time":"2026-03-25T01:00:50+00:00","og_image":[{"width":1021,"height":1021,"url":"https:\/\/maranonexperience.com\/wp-content\/uploads\/2016\/03\/IMG_7013square-01.jpg","type":"image\/jpeg"}],"twitter_card":"summary_large_image","twitter_misc":{"Est. reading time":"1 minuto"},"schema":{"@context":"https:\/\/schema.org","@graph":[{"@type":"WebPage","@id":"https:\/\/maranonexperience.com\/7-day-raft-tour\/","url":"https:\/\/maranonexperience.com\/7-day-raft-tour\/","name":"7 Days Whitewater Rafting on the Mara\u00f1on River, Peru","isPartOf":{"@id":"https:\/\/maranonexperience.com\/#website"},"primaryImageOfPage":{"@id":"https:\/\/maranonexperience.com\/7-day-raft-tour\/#primaryimage"},"image":{"@id":"https:\/\/maranonexperience.com\/7-day-raft-tour\/#primaryimage"},"thumbnailUrl":"https:\/\/maranonexperience.com\/wp-content\/uploads\/2016\/03\/IMG_7013square-01.jpg","datePublished":"2016-03-11T10:07:36+00:00","dateModified":"2026-03-25T01:00:50+00:00","description":"Experience the Heart of the Mar\u00f1on river on an unforgettable 7 day whitewater rafting journey. Travel in style with Mara\u00f1\u00f3n Experience.","breadcrumb":{"@id":"https:\/\/maranonexperience.com\/7-day-raft-tour\/#breadcrumb"},"inLanguage":"es","potentialAction":[{"@type":"ReadAction","target":["https:\/\/maranonexperience.com\/7-day-raft-tour\/"]}]},{"@type":"ImageObject","inLanguage":"es","@id":"https:\/\/maranonexperience.com\/7-day-raft-tour\/#primaryimage","url":"https:\/\/maranonexperience.com\/wp-content\/uploads\/2016\/03\/IMG_7013square-01.jpg","contentUrl":"https:\/\/maranonexperience.com\/wp-content\/uploads\/2016\/03\/IMG_7013square-01.jpg","width":1021,"height":1021,"caption":"Maranon River Rafting"},{"@type":"BreadcrumbList","@id":"https:\/\/maranonexperience.com\/7-day-raft-tour\/#breadcrumb","itemListElement":[{"@type":"ListItem","position":1,"name":"Home","item":"https:\/\/maranonexperience.com\/"},{"@type":"ListItem","position":2,"name":"7 Days Rafting"}]},{"@type":"WebSite","@id":"https:\/\/maranonexperience.com\/#website","url":"https:\/\/maranonexperience.com\/","name":"Maranon Experience","description":"We will take you to the Heart of the Mara\u00f1\u00f3n River, Peru&#039;s best whitewater rafting journey.","publisher":{"@id":"https:\/\/maranonexperience.com\/#organization"},"potentialAction":[{"@type":"SearchAction","target":{"@type":"EntryPoint","urlTemplate":"https:\/\/maranonexperience.com\/?s={search_term_string}"},"query-input":{"@type":"PropertyValueSpecification","valueRequired":true,"valueName":"search_term_string"}}],"inLanguage":"es"},{"@type":"Organization","@id":"https:\/\/maranonexperience.com\/#organization","name":"Maranon Experience","url":"https:\/\/maranonexperience.com\/","logo":{"@type":"ImageObject","inLanguage":"es","@id":"https:\/\/maranonexperience.com\/#\/schema\/logo\/image\/","url":"https:\/\/maranonexperience.com\/wp-content\/uploads\/2018\/03\/Maranon-Experience-Square-Light.png","contentUrl":"https:\/\/maranonexperience.com\/wp-content\/uploads\/2018\/03\/Maranon-Experience-Square-Light.png","width":1000,"height":587,"caption":"Maranon Experience"},"image":{"@id":"https:\/\/maranonexperience.com\/#\/schema\/logo\/image\/"},"sameAs":["https:\/\/www.facebook.com\/maranonexperience\/"]}]}},"_links":{"self":[{"href":"https:\/\/maranonexperience.com\/es\/wp-json\/wp\/v2\/pages\/652","targetHints":{"allow":["GET"]}}],"collection":[{"href":"https:\/\/maranonexperience.com\/es\/wp-json\/wp\/v2\/pages"}],"about":[{"href":"https:\/\/maranonexperience.com\/es\/wp-json\/wp\/v2\/types\/page"}],"author":[{"embeddable":true,"href":"https:\/\/maranonexperience.com\/es\/wp-json\/wp\/v2\/users\/4"}],"replies":[{"embeddable":true,"href":"https:\/\/maranonexperience.com\/es\/wp-json\/wp\/v2\/comments?post=652"}],"version-history":[{"count":140,"href":"https:\/\/maranonexperience.com\/es\/wp-json\/wp\/v2\/pages\/652\/revisions"}],"predecessor-version":[{"id":1867,"href":"https:\/\/maranonexperience.com\/es\/wp-json\/wp\/v2\/pages\/652\/revisions\/1867"}],"wp:featuredmedia":[{"embeddable":true,"href":"https:\/\/maranonexperience.com\/es\/wp-json\/wp\/v2\/media\/1128"}],"wp:attachment":[{"href":"https:\/\/maranonexperience.com\/es\/wp-json\/wp\/v2\/media?parent=652"}],"curies":[{"name":"wp","href":"https:\/\/api.w.org\/{rel}","templated":true}]}}