{"id":754,"date":"2016-03-17T01:18:47","date_gmt":"2016-03-17T01:18:47","guid":{"rendered":"http:\/\/maranonexperience.com\/?page_id=754"},"modified":"2024-02-20T09:26:01","modified_gmt":"2024-02-20T09:26:01","slug":"about-maranon-experience","status":"publish","type":"page","link":"https:\/\/maranonexperience.com\/es\/about-maranon-experience\/","title":{"rendered":"NOSOTROS"},"content":{"rendered":"<p><a name=\"partnerships\"><\/a><br \/>\n<div class=\"wpb_content_element\"><div id=\"utbx_o_69e900ec76a35\" class=\"ut-service-icon-box  ut-one-half  ut-service-icon-box-center\"><style type=\"text\/css\">#utbx_69e900ec76a30 { background:#000000; }#utbx_69e900ec76a30:hover { background: #1e4c00; } #utbx_69e900ec76a30:after { box-shadow: 0 0 0 4px #1e4c00; } <\/style><div class=\"ut-highlight-icon-wrap ut-highlight-icon-effect\"><a id=\"utbx_69e900ec76a30\" data-id=\"utbx_69e900ec76a30\" data-hovercolor=\"#1e4c00\"   class=\"ut-highlight-icon  fa fa-globe\" href=\"#\" target=\"_blank\"><\/a><\/div><div class=\"ut-service-icon-box-content\"><h3>Alianzas<\/h3><p>\nTrabajamos con los mejores gu\u00edas de r\u00edos peruanos e internacionales, contamos con equipos profesionales de alta gama y la mayor experiencia en viajes de canotaje en el norte del Per\u00fa, esto nos permite brindar experiencias \u00fanicas e inolvidables, seguras y de la m\u00e1s alta calidad. Le ofrecemos un recorrido personalizado por el r\u00edo Mara\u00f1\u00f3n buscando siempre sobrepasar los est\u00e1ndares internacionales de calidad y seguridad, involucrando a las comunidades locales y fomentando su desarrollo sostenible y la protecci\u00f3n del r\u00edo Mara\u00f1\u00f3n.<br \/>\n<\/p><\/div><\/div><\/div>\n<div class=\"wpb_content_element\"><div id=\"utbx_o_69e900ec76db7\" class=\"ut-service-icon-box ut-column-last ut-one-half  ut-service-icon-box-center\"><style type=\"text\/css\">#utbx_69e900ec76db5 { background:#000000; }#utbx_69e900ec76db5:hover { background: #1e4c00; } #utbx_69e900ec76db5:after { box-shadow: 0 0 0 4px #1e4c00; } <\/style><div class=\"ut-highlight-icon-wrap ut-highlight-icon-effect\"><a id=\"utbx_69e900ec76db5\" data-id=\"utbx_69e900ec76db5\" data-hovercolor=\"#1e4c00\"   class=\"ut-highlight-icon  fa fa-sun-o\" href=\"#\" target=\"_blank\"><\/a><\/div><div class=\"ut-service-icon-box-content\"><h3>C\u00f3mo contribuimos<\/h3><p>\n<p style=\"text-align: justify;\">Con parte de su tarifa de inscripci\u00f3n, cada pasajero que llevamos r\u00edo abajo contribuye a nuestro fondo de desarrollo local que administramos junto con Mara\u00f1\u00f3n Waterkeeper. Mara\u00f1\u00f3n Waterkeeper es parte de la organizaci\u00f3n internacional <a href=\"http:\/\/waterkeeper.org\/\" target=\"_blank\" rel=\"noopener noreferrer\">Waterkeeper Alliance<\/a>; los proyectos Waterkeeper facilitan las acciones en el campo, proveen asistencia legal a las comunidades locales y hacen cumplir las leyes ambientales para proteger el r\u00edo.<\/p>\n<p>We encourage every participant on our trips to become a steward of the river; whether hosting a presentation about the Mara\u00f1\u00f3n in their local community or fundraising for river protection initiatives. Community support is what these initiatives are built on<a href=\"https:\/\/www.coralseakayaking.com\/our-trips\">.<\/a> Please email us to find out how you can do more to protect the river!<a href=\"\/es\/maranonwaterkeeper.org\/\" target=\"_blank\" rel=\"noopener noreferrer\"><img loading=\"lazy\" decoding=\"async\" class=\"aligncenter wp-image-1196\" src=\"http:\/\/maranonexperience.com\/wp-content\/uploads\/2016\/03\/logo_rgb400-300x86.png\" alt=\"logo_rgb400\" width=\"250\" height=\"71\" srcset=\"https:\/\/maranonexperience.com\/wp-content\/uploads\/2016\/03\/logo_rgb400-300x86.png 300w, https:\/\/maranonexperience.com\/wp-content\/uploads\/2016\/03\/logo_rgb400.png 400w\" sizes=\"auto, (max-width: 250px) 100vw, 250px\" \/><\/a><\/p>\n<h1><\/h1>\n<\/p><\/div><\/div><\/div>\n<hr \/>","protected":false},"excerpt":{"rendered":"#utbx_69e900ec7d498 { background:#000000; }#utbx_69e900ec7d498:hover { background: #1e4c00; } #utbx_69e900ec7d498:after { box-shadow: 0 0 0 4px #1e4c00; } Partnerships We work with the best Peruvian and International River Guides allowing us to provide the highest quality experiences. We have high quality equipment and the most experience running river journeys in the North of Peru. All this [...]","protected":false},"author":4,"featured_media":812,"parent":0,"menu_order":0,"comment_status":"closed","ping_status":"closed","template":"templates\/template-team.php","meta":{"footnotes":""},"class_list":["post-754","page","type-page","status-publish","has-post-thumbnail","hentry"],"yoast_head":"<!-- This site is optimized with the Yoast SEO plugin v24.7 - https:\/\/yoast.com\/wordpress\/plugins\/seo\/ -->\n<title>About - Maranon Experience<\/title>\n<meta name=\"description\" content=\"We work closelty with local communities to ensure tourism is developed in the best possible way. We make sure there is a positive exchange on both side.\" \/>\n<meta name=\"robots\" content=\"index, follow, max-snippet:-1, max-image-preview:large, max-video-preview:-1\" \/>\n<link rel=\"canonical\" href=\"https:\/\/maranonexperience.com\/es\/about-maranon-experience\/\" \/>\n<meta property=\"og:locale\" content=\"es_ES\" \/>\n<meta property=\"og:type\" content=\"article\" \/>\n<meta property=\"og:title\" content=\"About - Maranon Experience\" \/>\n<meta property=\"og:description\" content=\"We work closelty with local communities to ensure tourism is developed in the best possible way. We make sure there is a positive exchange on both side.\" \/>\n<meta property=\"og:url\" content=\"https:\/\/maranonexperience.com\/es\/about-maranon-experience\/\" \/>\n<meta property=\"og:site_name\" content=\"Maranon Experience\" \/>\n<meta property=\"article:publisher\" content=\"https:\/\/www.facebook.com\/maranonexperience\/\" \/>\n<meta property=\"article:modified_time\" content=\"2024-02-20T09:26:01+00:00\" \/>\n<meta property=\"og:image\" content=\"https:\/\/maranonexperience.com\/wp-content\/uploads\/2016\/03\/IMG_6736.jpg\" \/>\n\t<meta property=\"og:image:width\" content=\"1920\" \/>\n\t<meta property=\"og:image:height\" content=\"1280\" \/>\n\t<meta property=\"og:image:type\" content=\"image\/jpeg\" \/>\n<meta name=\"twitter:card\" content=\"summary_large_image\" \/>\n<meta name=\"twitter:label1\" content=\"Est. reading time\" \/>\n\t<meta name=\"twitter:data1\" content=\"2 minutos\" \/>\n<script type=\"application\/ld+json\" class=\"yoast-schema-graph\">{\"@context\":\"https:\/\/schema.org\",\"@graph\":[{\"@type\":\"WebPage\",\"@id\":\"https:\/\/maranonexperience.com\/about-maranon-experience\/\",\"url\":\"https:\/\/maranonexperience.com\/about-maranon-experience\/\",\"name\":\"About - Maranon Experience\",\"isPartOf\":{\"@id\":\"https:\/\/maranonexperience.com\/#website\"},\"primaryImageOfPage\":{\"@id\":\"https:\/\/maranonexperience.com\/about-maranon-experience\/#primaryimage\"},\"image\":{\"@id\":\"https:\/\/maranonexperience.com\/about-maranon-experience\/#primaryimage\"},\"thumbnailUrl\":\"https:\/\/maranonexperience.com\/wp-content\/uploads\/2016\/03\/IMG_6736.jpg\",\"datePublished\":\"2016-03-17T01:18:47+00:00\",\"dateModified\":\"2024-02-20T09:26:01+00:00\",\"description\":\"We work closelty with local communities to ensure tourism is developed in the best possible way. We make sure there is a positive exchange on both side.\",\"breadcrumb\":{\"@id\":\"https:\/\/maranonexperience.com\/about-maranon-experience\/#breadcrumb\"},\"inLanguage\":\"es\",\"potentialAction\":[{\"@type\":\"ReadAction\",\"target\":[\"https:\/\/maranonexperience.com\/about-maranon-experience\/\"]}]},{\"@type\":\"ImageObject\",\"inLanguage\":\"es\",\"@id\":\"https:\/\/maranonexperience.com\/about-maranon-experience\/#primaryimage\",\"url\":\"https:\/\/maranonexperience.com\/wp-content\/uploads\/2016\/03\/IMG_6736.jpg\",\"contentUrl\":\"https:\/\/maranonexperience.com\/wp-content\/uploads\/2016\/03\/IMG_6736.jpg\",\"width\":1920,\"height\":1280},{\"@type\":\"BreadcrumbList\",\"@id\":\"https:\/\/maranonexperience.com\/about-maranon-experience\/#breadcrumb\",\"itemListElement\":[{\"@type\":\"ListItem\",\"position\":1,\"name\":\"Home\",\"item\":\"https:\/\/maranonexperience.com\/\"},{\"@type\":\"ListItem\",\"position\":2,\"name\":\"About\"}]},{\"@type\":\"WebSite\",\"@id\":\"https:\/\/maranonexperience.com\/#website\",\"url\":\"https:\/\/maranonexperience.com\/\",\"name\":\"Maranon Experience\",\"description\":\"We will take you to the Heart of the Mara\u00f1\u00f3n River, Peru&#039;s best whitewater rafting journey.\",\"publisher\":{\"@id\":\"https:\/\/maranonexperience.com\/#organization\"},\"potentialAction\":[{\"@type\":\"SearchAction\",\"target\":{\"@type\":\"EntryPoint\",\"urlTemplate\":\"https:\/\/maranonexperience.com\/?s={search_term_string}\"},\"query-input\":{\"@type\":\"PropertyValueSpecification\",\"valueRequired\":true,\"valueName\":\"search_term_string\"}}],\"inLanguage\":\"es\"},{\"@type\":\"Organization\",\"@id\":\"https:\/\/maranonexperience.com\/#organization\",\"name\":\"Maranon Experience\",\"url\":\"https:\/\/maranonexperience.com\/\",\"logo\":{\"@type\":\"ImageObject\",\"inLanguage\":\"es\",\"@id\":\"https:\/\/maranonexperience.com\/#\/schema\/logo\/image\/\",\"url\":\"https:\/\/maranonexperience.com\/wp-content\/uploads\/2018\/03\/Maranon-Experience-Square-Light.png\",\"contentUrl\":\"https:\/\/maranonexperience.com\/wp-content\/uploads\/2018\/03\/Maranon-Experience-Square-Light.png\",\"width\":1000,\"height\":587,\"caption\":\"Maranon Experience\"},\"image\":{\"@id\":\"https:\/\/maranonexperience.com\/#\/schema\/logo\/image\/\"},\"sameAs\":[\"https:\/\/www.facebook.com\/maranonexperience\/\"]}]}<\/script>\n<!-- \/ Yoast SEO plugin. -->","yoast_head_json":{"title":"About - Maranon Experience","description":"We work closelty with local communities to ensure tourism is developed in the best possible way. We make sure there is a positive exchange on both side.","robots":{"index":"index","follow":"follow","max-snippet":"max-snippet:-1","max-image-preview":"max-image-preview:large","max-video-preview":"max-video-preview:-1"},"canonical":"https:\/\/maranonexperience.com\/es\/about-maranon-experience\/","og_locale":"es_ES","og_type":"article","og_title":"About - Maranon Experience","og_description":"We work closelty with local communities to ensure tourism is developed in the best possible way. We make sure there is a positive exchange on both side.","og_url":"https:\/\/maranonexperience.com\/es\/about-maranon-experience\/","og_site_name":"Maranon Experience","article_publisher":"https:\/\/www.facebook.com\/maranonexperience\/","article_modified_time":"2024-02-20T09:26:01+00:00","og_image":[{"width":1920,"height":1280,"url":"https:\/\/maranonexperience.com\/wp-content\/uploads\/2016\/03\/IMG_6736.jpg","type":"image\/jpeg"}],"twitter_card":"summary_large_image","twitter_misc":{"Est. reading time":"2 minutos"},"schema":{"@context":"https:\/\/schema.org","@graph":[{"@type":"WebPage","@id":"https:\/\/maranonexperience.com\/about-maranon-experience\/","url":"https:\/\/maranonexperience.com\/about-maranon-experience\/","name":"About - Maranon Experience","isPartOf":{"@id":"https:\/\/maranonexperience.com\/#website"},"primaryImageOfPage":{"@id":"https:\/\/maranonexperience.com\/about-maranon-experience\/#primaryimage"},"image":{"@id":"https:\/\/maranonexperience.com\/about-maranon-experience\/#primaryimage"},"thumbnailUrl":"https:\/\/maranonexperience.com\/wp-content\/uploads\/2016\/03\/IMG_6736.jpg","datePublished":"2016-03-17T01:18:47+00:00","dateModified":"2024-02-20T09:26:01+00:00","description":"We work closelty with local communities to ensure tourism is developed in the best possible way. We make sure there is a positive exchange on both side.","breadcrumb":{"@id":"https:\/\/maranonexperience.com\/about-maranon-experience\/#breadcrumb"},"inLanguage":"es","potentialAction":[{"@type":"ReadAction","target":["https:\/\/maranonexperience.com\/about-maranon-experience\/"]}]},{"@type":"ImageObject","inLanguage":"es","@id":"https:\/\/maranonexperience.com\/about-maranon-experience\/#primaryimage","url":"https:\/\/maranonexperience.com\/wp-content\/uploads\/2016\/03\/IMG_6736.jpg","contentUrl":"https:\/\/maranonexperience.com\/wp-content\/uploads\/2016\/03\/IMG_6736.jpg","width":1920,"height":1280},{"@type":"BreadcrumbList","@id":"https:\/\/maranonexperience.com\/about-maranon-experience\/#breadcrumb","itemListElement":[{"@type":"ListItem","position":1,"name":"Home","item":"https:\/\/maranonexperience.com\/"},{"@type":"ListItem","position":2,"name":"About"}]},{"@type":"WebSite","@id":"https:\/\/maranonexperience.com\/#website","url":"https:\/\/maranonexperience.com\/","name":"Maranon Experience","description":"We will take you to the Heart of the Mara\u00f1\u00f3n River, Peru&#039;s best whitewater rafting journey.","publisher":{"@id":"https:\/\/maranonexperience.com\/#organization"},"potentialAction":[{"@type":"SearchAction","target":{"@type":"EntryPoint","urlTemplate":"https:\/\/maranonexperience.com\/?s={search_term_string}"},"query-input":{"@type":"PropertyValueSpecification","valueRequired":true,"valueName":"search_term_string"}}],"inLanguage":"es"},{"@type":"Organization","@id":"https:\/\/maranonexperience.com\/#organization","name":"Maranon Experience","url":"https:\/\/maranonexperience.com\/","logo":{"@type":"ImageObject","inLanguage":"es","@id":"https:\/\/maranonexperience.com\/#\/schema\/logo\/image\/","url":"https:\/\/maranonexperience.com\/wp-content\/uploads\/2018\/03\/Maranon-Experience-Square-Light.png","contentUrl":"https:\/\/maranonexperience.com\/wp-content\/uploads\/2018\/03\/Maranon-Experience-Square-Light.png","width":1000,"height":587,"caption":"Maranon Experience"},"image":{"@id":"https:\/\/maranonexperience.com\/#\/schema\/logo\/image\/"},"sameAs":["https:\/\/www.facebook.com\/maranonexperience\/"]}]}},"_links":{"self":[{"href":"https:\/\/maranonexperience.com\/es\/wp-json\/wp\/v2\/pages\/754","targetHints":{"allow":["GET"]}}],"collection":[{"href":"https:\/\/maranonexperience.com\/es\/wp-json\/wp\/v2\/pages"}],"about":[{"href":"https:\/\/maranonexperience.com\/es\/wp-json\/wp\/v2\/types\/page"}],"author":[{"embeddable":true,"href":"https:\/\/maranonexperience.com\/es\/wp-json\/wp\/v2\/users\/4"}],"replies":[{"embeddable":true,"href":"https:\/\/maranonexperience.com\/es\/wp-json\/wp\/v2\/comments?post=754"}],"version-history":[{"count":29,"href":"https:\/\/maranonexperience.com\/es\/wp-json\/wp\/v2\/pages\/754\/revisions"}],"predecessor-version":[{"id":1863,"href":"https:\/\/maranonexperience.com\/es\/wp-json\/wp\/v2\/pages\/754\/revisions\/1863"}],"wp:featuredmedia":[{"embeddable":true,"href":"https:\/\/maranonexperience.com\/es\/wp-json\/wp\/v2\/media\/812"}],"wp:attachment":[{"href":"https:\/\/maranonexperience.com\/es\/wp-json\/wp\/v2\/media?parent=754"}],"curies":[{"name":"wp","href":"https:\/\/api.w.org\/{rel}","templated":true}]}}