{"id":848,"date":"2016-03-22T00:49:38","date_gmt":"2016-03-22T00:49:38","guid":{"rendered":"http:\/\/maranonexperience.com\/?page_id=848"},"modified":"2021-05-12T09:47:36","modified_gmt":"2021-05-12T09:47:36","slug":"tourism-on-maranon-river","status":"publish","type":"page","link":"https:\/\/maranonexperience.com\/es\/tourism-on-maranon-river\/","title":{"rendered":"Viajes"},"content":{"rendered":"<h1 style=\"text-align: center;\">Maranon River Rafting Journeys<\/h1>\n<p style=\"text-align: center;\"><div  class=\"ut-one-sixth\">\u00a0 <\/div>\n<p style=\"text-align: center;\"><div  class=\"ut-two-thirds\">\n<p style=\"text-align: center;\">The <a href=\"https:\/\/en.wikipedia.org\/wiki\/Mara%C3%B1%C3%B3n_River\">Mara\u00f1\u00f3n River<\/a> is one of the most unique river rafting and kayaking journeys on the planet. A mixture of world class whitewater rafting, tranquil moments, breathtaking scenery, heart warming cultural exchange in remote villages, endemic flora and fauna and stunning side trips to waterfalls, ruins and <a href=\"http:\/\/maranonwaterkeeper.org\/news\/rock-art-in-the-maranon-valley\/\">ancient rock art<\/a>, rafting the Maranon River is an experience you&#8217;ll never forget.<\/p>\n<p style=\"text-align: center;\">We are experts in travel and expeditions down the Mara\u00f1\u00f3n River, and we strive to be the best. Our Mara\u00f1\u00f3n Experience is second to none, we love this river and we&#8217;re sure you will too.<\/p>\n<p style=\"text-align: center;\"><\/div>\n<p style=\"text-align: center;\"><div  class=\"ut-one-sixth ut-column-last\">\u00a0 <\/div><div class=\"clear\"><\/div>\n<style id=\"ut-portfolio-custom-css-242\" type=\"text\/css\">.ut-portfolio-242 .ut-portfolio-info-c h3 { font-family: ralewayregular ;}.ut-portfolio-242 .portfolio-title { font-family: ralewayregular ;}.ut-portfolio-242 .ut-portfolio-info-c span { font-family: ralewayregular ;}.ut-portfolio-242 .ut-portfolio-info-c h3 { color: #000000 ; }.ut-portfolio-242 .portfolio-title { color: #000000; }.ut-portfolio-242 .ut-portfolio-info-c, .ut-portfolio-242 .ut-portfolio-info-c span { color: #FFF ; }.ut-portfolio-242 .ut-portfolio-menu li a { text-transform: uppercase; }.ut-portfolio-242 .ut-hover-layer { background: rgba(255,255,255, 0.6); }<\/style><div id=\"ut-loader-242\" class=\"ut-portfolio-detail-loader\"><i class=\"Bklyn-Core-Rotate-2\"><\/i><\/div><a id=\"ut-portfolio-details-anchor-242\" href=\"#\" class=\"ut-vc-offset-anchor-top\"><\/a><div id=\"ut-portfolio-details-navigation-242\" class=\"ut-portfolio-details-navigation grid-container\" data-slideup-width=\"centered\"><a class=\"prev-portfolio-details\" data-wrap=\"242\" href=\"#\"><\/a><a class=\"close-portfolio-details\" data-wrap=\"242\" href=\"#\"><\/a><a class=\"next-portfolio-details\" data-wrap=\"242\" href=\"#\"><\/a><\/div><div id=\"ut-portfolio-details-wrap-242\" class=\"ut-portfolio-details-wrap clearfix\"><div id=\"ut-portfolio-details-242\" class=\"inner ut-portfolio-details\"><\/div><\/div><div class=\"clear\"><\/div><div id=\"carousel_242\" class=\"ut-portfolio-carousel ut-portfolio-wrap ut-portfolio-242 flexslider ut-carousel portfolio-style-one ut-carousel-3-col\" data-slideup-title=\"on\" data-slideup-width=\"centered\" data-textcolor=\"#000000\" data-opacity=\"0.6\" data-hovercolor=\"255,255,255\" data-columns=\"3\"><ul class=\"slides\"><li id=\"ut-portfolio-article-1299\" class=\"ut-carousel-item ut-hover\"><a class=\"ut-square\" rel=\"bookmark\" title=\"Coraz\u00f3n del Mara\u00f1\u00f3n\" href=\"http:\/\/maranonexperience.com\/es\/7-day-raft-tour\/\" target=\"_blank\" ><figure>\r\n        <img loading=\"lazy\" decoding=\"async\" data-adaptive-images=\"{&quot;300&quot;:&quot;https:\\\/\\\/maranonexperience.com\\\/wp-content\\\/uploads\\\/2016\\\/03\\\/viaje-julio-63-300x240.jpg&quot;,&quot;500&quot;:&quot;https:\\\/\\\/maranonexperience.com\\\/wp-content\\\/uploads\\\/2016\\\/03\\\/viaje-julio-63-500x400.jpg&quot;,&quot;750&quot;:&quot;https:\\\/\\\/maranonexperience.com\\\/wp-content\\\/uploads\\\/2016\\\/03\\\/viaje-julio-63-750x600.jpg&quot;,&quot;1000&quot;:&quot;https:\\\/\\\/maranonexperience.com\\\/wp-content\\\/uploads\\\/2016\\\/03\\\/viaje-julio-63-1000x800.jpg&quot;,&quot;1500&quot;:&quot;https:\\\/\\\/maranonexperience.com\\\/wp-content\\\/uploads\\\/2016\\\/03\\\/viaje-julio-63-1500x1200.jpg&quot;,&quot;2500&quot;:&quot;https:\\\/\\\/maranonexperience.com\\\/wp-content\\\/uploads\\\/2016\\\/03\\\/viaje-julio-63-2500x2000.jpg&quot;}\" src=\"data:image\/svg+xml;charset=utf-8,%3Csvg xmlns%3D'http%3A%2F%2Fwww.w3.org%2F2000%2Fsvg' viewBox%3D'0 0 1500 1200'%2F%3E\" width=\"1500\" height=\"1200\" data-src=\"https:\/\/maranonexperience.com\/wp-content\/uploads\/2016\/03\/viaje-julio-63-1500x1200.jpg\" data-image-id=\"802\" class=\"ut-adaptive-image wp-post-image skip-lazy skip-lazy ut-lazy-wait\">\r\n\r\n        <\/figure><div class=\"ut-hover-layer\"><div class=\"ut-portfolio-info\"><div class=\"ut-portfolio-info-c\"><h3 class=\"portfolio-title\">Coraz\u00f3n del Mara\u00f1\u00f3n<\/h3><span>7 D\u00cdAS<\/span><\/div><\/div><\/div><\/a><\/li><li id=\"ut-portfolio-article-1296\" class=\"ut-carousel-item ut-hover\"><a class=\"ut-square\" rel=\"bookmark\" title=\"Outfitting Service &#038; Custom Journey&#8217;s\" href=\"http:\/\/maranonexperience.com\/es\/outfitting\/\" target=\"_blank\" ><figure>\r\n        <img loading=\"lazy\" decoding=\"async\" data-adaptive-images=\"{&quot;300&quot;:&quot;https:\\\/\\\/maranonexperience.com\\\/wp-content\\\/uploads\\\/2018\\\/01\\\/DSC03634-300x240.jpg&quot;,&quot;500&quot;:&quot;https:\\\/\\\/maranonexperience.com\\\/wp-content\\\/uploads\\\/2018\\\/01\\\/DSC03634-500x400.jpg&quot;,&quot;750&quot;:&quot;https:\\\/\\\/maranonexperience.com\\\/wp-content\\\/uploads\\\/2018\\\/01\\\/DSC03634-750x600.jpg&quot;,&quot;1000&quot;:&quot;https:\\\/\\\/maranonexperience.com\\\/wp-content\\\/uploads\\\/2018\\\/01\\\/DSC03634-1000x800.jpg&quot;,&quot;1500&quot;:&quot;https:\\\/\\\/maranonexperience.com\\\/wp-content\\\/uploads\\\/2018\\\/01\\\/DSC03634-1500x1200.jpg&quot;,&quot;2500&quot;:&quot;https:\\\/\\\/maranonexperience.com\\\/wp-content\\\/uploads\\\/2018\\\/01\\\/DSC03634-2500x2000.jpg&quot;}\" src=\"data:image\/svg+xml;charset=utf-8,%3Csvg xmlns%3D'http%3A%2F%2Fwww.w3.org%2F2000%2Fsvg' viewBox%3D'0 0 1500 1200'%2F%3E\" width=\"1500\" height=\"1200\" data-src=\"https:\/\/maranonexperience.com\/wp-content\/uploads\/2018\/01\/DSC03634-1500x1200.jpg\" data-image-id=\"1297\" class=\"ut-adaptive-image wp-post-image skip-lazy skip-lazy ut-lazy-wait\">\r\n\r\n        <\/figure><div class=\"ut-hover-layer\"><div class=\"ut-portfolio-info\"><div class=\"ut-portfolio-info-c\"><h3 class=\"portfolio-title\">Servicio de equipamiento y viajes personalizados<\/h3><span>1-30+ d\u00edas<\/span><\/div><\/div><\/div><\/a><\/li><li id=\"ut-portfolio-article-1292\" class=\"ut-carousel-item ut-hover\"><a class=\"ut-square\" rel=\"bookmark\" title=\"VIAJES CORTOS\" href=\"http:\/\/maranonexperience.com\/es\/short-trips\/\" target=\"_blank\" ><figure>\r\n        <img loading=\"lazy\" decoding=\"async\" data-adaptive-images=\"{&quot;300&quot;:&quot;https:\\\/\\\/maranonexperience.com\\\/wp-content\\\/uploads\\\/2018\\\/01\\\/DSC04519-300x240.jpg&quot;,&quot;500&quot;:&quot;https:\\\/\\\/maranonexperience.com\\\/wp-content\\\/uploads\\\/2018\\\/01\\\/DSC04519-500x400.jpg&quot;,&quot;750&quot;:&quot;https:\\\/\\\/maranonexperience.com\\\/wp-content\\\/uploads\\\/2018\\\/01\\\/DSC04519-750x600.jpg&quot;,&quot;1000&quot;:&quot;https:\\\/\\\/maranonexperience.com\\\/wp-content\\\/uploads\\\/2018\\\/01\\\/DSC04519-1000x800.jpg&quot;,&quot;1500&quot;:&quot;https:\\\/\\\/maranonexperience.com\\\/wp-content\\\/uploads\\\/2018\\\/01\\\/DSC04519-1500x1200.jpg&quot;,&quot;2500&quot;:&quot;https:\\\/\\\/maranonexperience.com\\\/wp-content\\\/uploads\\\/2018\\\/01\\\/DSC04519-2500x2000.jpg&quot;}\" src=\"data:image\/svg+xml;charset=utf-8,%3Csvg xmlns%3D'http%3A%2F%2Fwww.w3.org%2F2000%2Fsvg' viewBox%3D'0 0 1500 1200'%2F%3E\" width=\"1500\" height=\"1200\" data-src=\"https:\/\/maranonexperience.com\/wp-content\/uploads\/2018\/01\/DSC04519-1500x1200.jpg\" data-image-id=\"1293\" class=\"ut-adaptive-image wp-post-image skip-lazy skip-lazy ut-lazy-wait\">\r\n\r\n        <\/figure><div class=\"ut-hover-layer\"><div class=\"ut-portfolio-info\"><div class=\"ut-portfolio-info-c\"><h3 class=\"portfolio-title\">VIAJES CORTOS<\/h3><span>1-3 D\u00cdAS<\/span><\/div><\/div><\/div><\/a><\/li><\/ul><\/div>\n<p style=\"text-align: center;\"><div  class=\"ut-one-third\">\n<p style=\"text-align: center;\"><strong><a href=\"https:\/\/maranonexperience.com\/es\/7-day-raft-tour\/\">Raft the Heart of the Mara\u00f1\u00f3n<\/a><br \/>\n7 d\u00edas<br \/>\n<\/strong><\/p>\n<p style=\"text-align: center;\">This river rafting journey is suitable for almost all ages and experience levels. Let our expert guides show you through the incredible Grand Canyon of South America, including side trips to pristine pools, cascading waterfalls, isolated Andean villages and ancient rock paintings.<br \/>\nEl acceso al <strong>Heart of the Maranon<\/strong> River is unparalleled with <strong>fly in<\/strong> access to <a href=\"https:\/\/en.wikipedia.org\/wiki\/Mayor_General_FAP_Armando_Revoredo_Iglesias_Airport\">aeropuertos nacionales<\/a> located less than 3 hours from the start and finish points.<\/p>\n<p style=\"text-align: center;\"><a title=\"M\u00c1S INFORMACI\u00d3N\" target=\"_self\" class=\"ut-btn  blue medium round\" href=\"http:\/\/maranonexperience.com\/es\/7-day-raft-tour\/\">M\u00c1S INFORMACI\u00d3N<\/a>\n<p style=\"text-align: center;\"><\/div>\n<p style=\"text-align: center;\"><div  class=\"ut-one-third\">\n<p style=\"text-align: center;\"><a href=\"https:\/\/maranonexperience.com\/es\/outfitting\/\"><strong>Outfitting Service, Gear Rentals &amp; Custom Expeditions<br \/>\n1-30+ Day Trips<\/strong><\/a><\/p>\n<p style=\"text-align: center;\">Let us build a custom itinerary around your dream Mara\u00f1\u00f3n River rafting journey, or we can outfit\/ provide gear rentals to your experienced group of river runners for a once in a lifetime expedition. Trip length can vary from 1-30+ days. A luxury float, row your own adventure, exploratory mission or scientific investigation; whatever you need our team can make it happen.<\/p>\n<p style=\"text-align: center;\"><a title=\"M\u00c1S INFORMACI\u00d3N\" target=\"_self\" class=\"ut-btn  blue medium round\" href=\"http:\/\/maranonexperience.com\/es\/outfitting\/\">M\u00c1S INFORMACI\u00d3N<\/a>\n<p style=\"text-align: center;\"><\/div>\n<p style=\"text-align: center;\"><div  class=\"ut-one-third ut-column-last\">\n<p style=\"text-align: center;\"><a href=\"https:\/\/maranonexperience.com\/es\/short-trips\/\"><strong>Rock Art and Mara\u00f1\u00f3n River Rafting<br \/>\n<\/strong><strong>3 Day Tour<\/strong><\/a><\/p>\n<p style=\"text-align: center;\">Three day river rafting adventures depart year round from Bagua, Ja\u00e9n and Chachapoyas. Float through the stunning Red Canyon, travel to some of the most remote pools &amp; waterfalls in Peru, drink the freshest coffee in the world and see ancient riverside rock art.<br \/>\nThis is one of the best short rafting tours in the world!<\/p>\n<p style=\"text-align: center;\"><a title=\"M\u00c1S INFORMACI\u00d3N\" target=\"_self\" class=\"ut-btn  blue medium round\" href=\"http:\/\/maranonexperience.com\/es\/short-trips\/\">M\u00c1S INFORMACI\u00d3N<\/a>\n<p style=\"text-align: center;\"><\/div><div class=\"clear\"><\/div>","protected":false},"excerpt":{"rendered":"<p>Maranon River Rafting Journeys<\/p>","protected":false},"author":4,"featured_media":1817,"parent":0,"menu_order":0,"comment_status":"closed","ping_status":"closed","template":"","meta":{"footnotes":""},"class_list":["post-848","page","type-page","status-publish","has-post-thumbnail","hentry"],"yoast_head":"<!-- This site is optimized with the Yoast SEO plugin v24.7 - https:\/\/yoast.com\/wordpress\/plugins\/seo\/ -->\n<title>River rafting journeys on the Maranon River in Northern Peru!<\/title>\n<meta name=\"description\" content=\"The best rafting journeys in Peru! Come on a river rafting tour down the Mara\u00f1\u00f3n River, Grand Canyon of South America, Peru!\" \/>\n<meta name=\"robots\" content=\"index, follow, max-snippet:-1, max-image-preview:large, max-video-preview:-1\" \/>\n<link rel=\"canonical\" href=\"https:\/\/maranonexperience.com\/es\/tourism-on-maranon-river\/\" \/>\n<meta property=\"og:locale\" content=\"es_ES\" \/>\n<meta property=\"og:type\" content=\"article\" \/>\n<meta property=\"og:title\" content=\"River rafting journeys on the Maranon River in Northern Peru!\" \/>\n<meta property=\"og:description\" content=\"The best rafting journeys in Peru! Come on a river rafting tour down the Mara\u00f1\u00f3n River, Grand Canyon of South America, Peru!\" \/>\n<meta property=\"og:url\" content=\"https:\/\/maranonexperience.com\/es\/tourism-on-maranon-river\/\" \/>\n<meta property=\"og:site_name\" content=\"Maranon Experience\" \/>\n<meta property=\"article:publisher\" content=\"https:\/\/www.facebook.com\/maranonexperience\/\" \/>\n<meta property=\"article:modified_time\" content=\"2021-05-12T09:47:36+00:00\" \/>\n<meta property=\"og:image\" content=\"https:\/\/maranonexperience.com\/wp-content\/uploads\/2021\/04\/maranon-river-rafting-kayak-canyon-action.jpg\" \/>\n\t<meta property=\"og:image:width\" content=\"2000\" \/>\n\t<meta property=\"og:image:height\" content=\"1345\" \/>\n\t<meta property=\"og:image:type\" content=\"image\/jpeg\" \/>\n<meta name=\"twitter:card\" content=\"summary_large_image\" \/>\n<meta name=\"twitter:label1\" content=\"Est. reading time\" \/>\n\t<meta name=\"twitter:data1\" content=\"2 minutos\" \/>\n<script type=\"application\/ld+json\" class=\"yoast-schema-graph\">{\"@context\":\"https:\/\/schema.org\",\"@graph\":[{\"@type\":\"WebPage\",\"@id\":\"https:\/\/maranonexperience.com\/es\/tourism-on-maranon-river\/\",\"url\":\"https:\/\/maranonexperience.com\/es\/tourism-on-maranon-river\/\",\"name\":\"River rafting journeys on the Maranon River in Northern Peru!\",\"isPartOf\":{\"@id\":\"https:\/\/maranonexperience.com\/#website\"},\"primaryImageOfPage\":{\"@id\":\"https:\/\/maranonexperience.com\/es\/tourism-on-maranon-river\/#primaryimage\"},\"image\":{\"@id\":\"https:\/\/maranonexperience.com\/es\/tourism-on-maranon-river\/#primaryimage\"},\"thumbnailUrl\":\"https:\/\/maranonexperience.com\/wp-content\/uploads\/2021\/04\/maranon-river-rafting-kayak-canyon-action.jpg\",\"datePublished\":\"2016-03-22T00:49:38+00:00\",\"dateModified\":\"2021-05-12T09:47:36+00:00\",\"description\":\"The best rafting journeys in Peru! Come on a river rafting tour down the Mara\u00f1\u00f3n River, Grand Canyon of South America, Peru!\",\"breadcrumb\":{\"@id\":\"https:\/\/maranonexperience.com\/es\/tourism-on-maranon-river\/#breadcrumb\"},\"inLanguage\":\"es\",\"potentialAction\":[{\"@type\":\"ReadAction\",\"target\":[\"https:\/\/maranonexperience.com\/es\/tourism-on-maranon-river\/\"]}]},{\"@type\":\"ImageObject\",\"inLanguage\":\"es\",\"@id\":\"https:\/\/maranonexperience.com\/es\/tourism-on-maranon-river\/#primaryimage\",\"url\":\"https:\/\/maranonexperience.com\/wp-content\/uploads\/2021\/04\/maranon-river-rafting-kayak-canyon-action.jpg\",\"contentUrl\":\"https:\/\/maranonexperience.com\/wp-content\/uploads\/2021\/04\/maranon-river-rafting-kayak-canyon-action.jpg\",\"width\":2000,\"height\":1345,\"caption\":\"Scenic action photo of tourists rafting and kayaking the Mara\u00f1\u00f3n River in Northern Peru with our company Mara\u00f1\u00f3n Experience. This is the best rafting location in the world!\"},{\"@type\":\"BreadcrumbList\",\"@id\":\"https:\/\/maranonexperience.com\/es\/tourism-on-maranon-river\/#breadcrumb\",\"itemListElement\":[{\"@type\":\"ListItem\",\"position\":1,\"name\":\"Home\",\"item\":\"https:\/\/maranonexperience.com\/\"},{\"@type\":\"ListItem\",\"position\":2,\"name\":\"Journeys\"}]},{\"@type\":\"WebSite\",\"@id\":\"https:\/\/maranonexperience.com\/#website\",\"url\":\"https:\/\/maranonexperience.com\/\",\"name\":\"Maranon Experience\",\"description\":\"We will take you to the Heart of the Mara\u00f1\u00f3n River, Peru&#039;s best whitewater rafting journey.\",\"publisher\":{\"@id\":\"https:\/\/maranonexperience.com\/#organization\"},\"potentialAction\":[{\"@type\":\"SearchAction\",\"target\":{\"@type\":\"EntryPoint\",\"urlTemplate\":\"https:\/\/maranonexperience.com\/?s={search_term_string}\"},\"query-input\":{\"@type\":\"PropertyValueSpecification\",\"valueRequired\":true,\"valueName\":\"search_term_string\"}}],\"inLanguage\":\"es\"},{\"@type\":\"Organization\",\"@id\":\"https:\/\/maranonexperience.com\/#organization\",\"name\":\"Maranon Experience\",\"url\":\"https:\/\/maranonexperience.com\/\",\"logo\":{\"@type\":\"ImageObject\",\"inLanguage\":\"es\",\"@id\":\"https:\/\/maranonexperience.com\/#\/schema\/logo\/image\/\",\"url\":\"https:\/\/maranonexperience.com\/wp-content\/uploads\/2018\/03\/Maranon-Experience-Square-Light.png\",\"contentUrl\":\"https:\/\/maranonexperience.com\/wp-content\/uploads\/2018\/03\/Maranon-Experience-Square-Light.png\",\"width\":1000,\"height\":587,\"caption\":\"Maranon Experience\"},\"image\":{\"@id\":\"https:\/\/maranonexperience.com\/#\/schema\/logo\/image\/\"},\"sameAs\":[\"https:\/\/www.facebook.com\/maranonexperience\/\"]}]}<\/script>\n<!-- \/ Yoast SEO plugin. -->","yoast_head_json":{"title":"River rafting journeys on the Maranon River in Northern Peru!","description":"The best rafting journeys in Peru! Come on a river rafting tour down the Mara\u00f1\u00f3n River, Grand Canyon of South America, Peru!","robots":{"index":"index","follow":"follow","max-snippet":"max-snippet:-1","max-image-preview":"max-image-preview:large","max-video-preview":"max-video-preview:-1"},"canonical":"https:\/\/maranonexperience.com\/es\/tourism-on-maranon-river\/","og_locale":"es_ES","og_type":"article","og_title":"River rafting journeys on the Maranon River in Northern Peru!","og_description":"The best rafting journeys in Peru! Come on a river rafting tour down the Mara\u00f1\u00f3n River, Grand Canyon of South America, Peru!","og_url":"https:\/\/maranonexperience.com\/es\/tourism-on-maranon-river\/","og_site_name":"Maranon Experience","article_publisher":"https:\/\/www.facebook.com\/maranonexperience\/","article_modified_time":"2021-05-12T09:47:36+00:00","og_image":[{"width":2000,"height":1345,"url":"https:\/\/maranonexperience.com\/wp-content\/uploads\/2021\/04\/maranon-river-rafting-kayak-canyon-action.jpg","type":"image\/jpeg"}],"twitter_card":"summary_large_image","twitter_misc":{"Est. reading time":"2 minutos"},"schema":{"@context":"https:\/\/schema.org","@graph":[{"@type":"WebPage","@id":"https:\/\/maranonexperience.com\/es\/tourism-on-maranon-river\/","url":"https:\/\/maranonexperience.com\/es\/tourism-on-maranon-river\/","name":"River rafting journeys on the Maranon River in Northern Peru!","isPartOf":{"@id":"https:\/\/maranonexperience.com\/#website"},"primaryImageOfPage":{"@id":"https:\/\/maranonexperience.com\/es\/tourism-on-maranon-river\/#primaryimage"},"image":{"@id":"https:\/\/maranonexperience.com\/es\/tourism-on-maranon-river\/#primaryimage"},"thumbnailUrl":"https:\/\/maranonexperience.com\/wp-content\/uploads\/2021\/04\/maranon-river-rafting-kayak-canyon-action.jpg","datePublished":"2016-03-22T00:49:38+00:00","dateModified":"2021-05-12T09:47:36+00:00","description":"The best rafting journeys in Peru! Come on a river rafting tour down the Mara\u00f1\u00f3n River, Grand Canyon of South America, Peru!","breadcrumb":{"@id":"https:\/\/maranonexperience.com\/es\/tourism-on-maranon-river\/#breadcrumb"},"inLanguage":"es","potentialAction":[{"@type":"ReadAction","target":["https:\/\/maranonexperience.com\/es\/tourism-on-maranon-river\/"]}]},{"@type":"ImageObject","inLanguage":"es","@id":"https:\/\/maranonexperience.com\/es\/tourism-on-maranon-river\/#primaryimage","url":"https:\/\/maranonexperience.com\/wp-content\/uploads\/2021\/04\/maranon-river-rafting-kayak-canyon-action.jpg","contentUrl":"https:\/\/maranonexperience.com\/wp-content\/uploads\/2021\/04\/maranon-river-rafting-kayak-canyon-action.jpg","width":2000,"height":1345,"caption":"Scenic action photo of tourists rafting and kayaking the Mara\u00f1\u00f3n River in Northern Peru with our company Mara\u00f1\u00f3n Experience. This is the best rafting location in the world!"},{"@type":"BreadcrumbList","@id":"https:\/\/maranonexperience.com\/es\/tourism-on-maranon-river\/#breadcrumb","itemListElement":[{"@type":"ListItem","position":1,"name":"Home","item":"https:\/\/maranonexperience.com\/"},{"@type":"ListItem","position":2,"name":"Journeys"}]},{"@type":"WebSite","@id":"https:\/\/maranonexperience.com\/#website","url":"https:\/\/maranonexperience.com\/","name":"Maranon Experience","description":"We will take you to the Heart of the Mara\u00f1\u00f3n River, Peru&#039;s best whitewater rafting journey.","publisher":{"@id":"https:\/\/maranonexperience.com\/#organization"},"potentialAction":[{"@type":"SearchAction","target":{"@type":"EntryPoint","urlTemplate":"https:\/\/maranonexperience.com\/?s={search_term_string}"},"query-input":{"@type":"PropertyValueSpecification","valueRequired":true,"valueName":"search_term_string"}}],"inLanguage":"es"},{"@type":"Organization","@id":"https:\/\/maranonexperience.com\/#organization","name":"Maranon Experience","url":"https:\/\/maranonexperience.com\/","logo":{"@type":"ImageObject","inLanguage":"es","@id":"https:\/\/maranonexperience.com\/#\/schema\/logo\/image\/","url":"https:\/\/maranonexperience.com\/wp-content\/uploads\/2018\/03\/Maranon-Experience-Square-Light.png","contentUrl":"https:\/\/maranonexperience.com\/wp-content\/uploads\/2018\/03\/Maranon-Experience-Square-Light.png","width":1000,"height":587,"caption":"Maranon Experience"},"image":{"@id":"https:\/\/maranonexperience.com\/#\/schema\/logo\/image\/"},"sameAs":["https:\/\/www.facebook.com\/maranonexperience\/"]}]}},"_links":{"self":[{"href":"https:\/\/maranonexperience.com\/es\/wp-json\/wp\/v2\/pages\/848","targetHints":{"allow":["GET"]}}],"collection":[{"href":"https:\/\/maranonexperience.com\/es\/wp-json\/wp\/v2\/pages"}],"about":[{"href":"https:\/\/maranonexperience.com\/es\/wp-json\/wp\/v2\/types\/page"}],"author":[{"embeddable":true,"href":"https:\/\/maranonexperience.com\/es\/wp-json\/wp\/v2\/users\/4"}],"replies":[{"embeddable":true,"href":"https:\/\/maranonexperience.com\/es\/wp-json\/wp\/v2\/comments?post=848"}],"version-history":[{"count":49,"href":"https:\/\/maranonexperience.com\/es\/wp-json\/wp\/v2\/pages\/848\/revisions"}],"predecessor-version":[{"id":1824,"href":"https:\/\/maranonexperience.com\/es\/wp-json\/wp\/v2\/pages\/848\/revisions\/1824"}],"wp:featuredmedia":[{"embeddable":true,"href":"https:\/\/maranonexperience.com\/es\/wp-json\/wp\/v2\/media\/1817"}],"wp:attachment":[{"href":"https:\/\/maranonexperience.com\/es\/wp-json\/wp\/v2\/media?parent=848"}],"curies":[{"name":"wp","href":"https:\/\/api.w.org\/{rel}","templated":true}]}}