{"id":865,"date":"2016-03-22T01:46:42","date_gmt":"2016-03-22T01:46:42","guid":{"rendered":"http:\/\/maranonexperience.com\/?page_id=865"},"modified":"2021-05-12T10:13:08","modified_gmt":"2021-05-12T10:13:08","slug":"our-philosophy-2","status":"publish","type":"page","link":"https:\/\/maranonexperience.com\/es\/our-philosophy-2\/","title":{"rendered":"Our Philosophy"},"content":{"rendered":"<h1 style=\"text-align: center;\"><span style=\"color: #000000;\">- NUESTRA FILOSOF\u00cdA -<\/span><\/h1>\n<div class=\"row\">\n<p><span style=\"color: #000000;\"><div  class=\"ut-one-half\"><\/span><a href=\"https:\/\/maranonexperience.com\/wp-content\/uploads\/2021\/05\/local-people-walk-beside-maranon-river-to-village.jpeg\" rel=\"attachment wp-att-867\"><img loading=\"lazy\" decoding=\"async\" class=\"aligncenter wp-image-1830 size-full\" src=\"https:\/\/maranonexperience.com\/wp-content\/uploads\/2021\/05\/local-people-walk-beside-maranon-river-to-village.jpeg\" alt=\"\" width=\"960\" height=\"640\" srcset=\"https:\/\/maranonexperience.com\/wp-content\/uploads\/2021\/05\/local-people-walk-beside-maranon-river-to-village.jpeg 960w, https:\/\/maranonexperience.com\/wp-content\/uploads\/2021\/05\/local-people-walk-beside-maranon-river-to-village-300x200.jpeg 300w, https:\/\/maranonexperience.com\/wp-content\/uploads\/2021\/05\/local-people-walk-beside-maranon-river-to-village-768x512.jpeg 768w, https:\/\/maranonexperience.com\/wp-content\/uploads\/2021\/05\/local-people-walk-beside-maranon-river-to-village-16x12.jpeg 16w\" sizes=\"auto, (max-width: 960px) 100vw, 960px\" \/><\/a><br \/>\n<\/div>\n<div  class=\"ut-one-half ut-column-last\">\n<h4 style=\"text-align: center;\">POR QU\u00c9?<\/h4>\n<p style=\"text-align: center;\">Existimos para apoyar y hacer crecer la red de personas que cuidan el r\u00edo Mara\u00f1\u00f3n.<\/p>\n<h4 style=\"text-align: center;\">C\u00d3MO?<\/h4>\n<p style=\"text-align: center;\">We do this by creating alternative income streams, an ecotourism economy and pathways which enable people to focus on protection of the watershed.<br \/>\nWe help people to visit the river so they will be more likely to play a role in its protection in the future.<\/p>\n<p style=\"text-align: center;\">Our profits go to\u00a0<a href=\"http:\/\/maranonwaterkeeper.org\/\">protect the river<\/a>\u00a0and foster sustainable development in local communities.<\/p>\n<h4 style=\"text-align: center;\">QU\u00c9?<\/h4>\n<p style=\"text-align: center;\">What we do is simple. We will take you down one of the most stunning and unique stretches of river that this world has to offer, the best raft journey on earth, in unforgettable style. Join us anytime on a rafting and kayaking expedition down the Grand Canyon of South America, the Source of the Amazon- The Mara\u00f1\u00f3n River.<\/p>\n<p style=\"text-align: center;\">Some companies would call all this Ecotourism, for us it is much much more than a catch phrase. Join us and you will see.<\/p>\n<p style=\"text-align: center;\"><span class=\"fa-stack ut-custom-icon fa-lg alignnone\"><i class=\"fa fa-circle fa-stack-2x\" style=\"color:#dd3333\"><\/i><i class=\"fa fa-heart fa-stack-1x\" style=\"color:#ffffff\"><\/i><\/span>\n<\/div><div class=\"clear\"><\/div>\n<\/div>","protected":false},"excerpt":{"rendered":"<p>- NUESTRA FILOSOF\u00cdA -<\/p>","protected":false},"author":4,"featured_media":867,"parent":0,"menu_order":0,"comment_status":"closed","ping_status":"closed","template":"","meta":{"footnotes":""},"class_list":["post-865","page","type-page","status-publish","has-post-thumbnail","hentry"],"yoast_head":"<!-- This site is optimized with the Yoast SEO plugin v24.7 - https:\/\/yoast.com\/wordpress\/plugins\/seo\/ -->\n<title>Mara\u00f1\u00f3n Experience philosophy is ecotourism and river conservation<\/title>\n<meta name=\"description\" content=\"Our company exists to help protect the Mara\u00f1\u00f3n River. Join us on the best river rafting journey on the planet and help us protect the Maranon River\" \/>\n<meta name=\"robots\" content=\"index, follow, max-snippet:-1, max-image-preview:large, max-video-preview:-1\" \/>\n<link rel=\"canonical\" href=\"https:\/\/maranonexperience.com\/es\/our-philosophy-2\/\" \/>\n<meta property=\"og:locale\" content=\"es_ES\" \/>\n<meta property=\"og:type\" content=\"article\" \/>\n<meta property=\"og:title\" content=\"Mara\u00f1\u00f3n Experience philosophy is ecotourism and river conservation\" \/>\n<meta property=\"og:description\" content=\"Our company exists to help protect the Mara\u00f1\u00f3n River. Join us on the best river rafting journey on the planet and help us protect the Maranon River\" \/>\n<meta property=\"og:url\" content=\"https:\/\/maranonexperience.com\/es\/our-philosophy-2\/\" \/>\n<meta property=\"og:site_name\" content=\"Maranon Experience\" \/>\n<meta property=\"article:publisher\" content=\"https:\/\/www.facebook.com\/maranonexperience\/\" \/>\n<meta property=\"article:modified_time\" content=\"2021-05-12T10:13:08+00:00\" \/>\n<meta property=\"og:image\" content=\"https:\/\/maranonexperience.com\/wp-content\/uploads\/2016\/03\/viaje-previo-57-e1620813261561.jpg\" \/>\n\t<meta property=\"og:image:width\" content=\"960\" \/>\n\t<meta property=\"og:image:height\" content=\"640\" \/>\n\t<meta property=\"og:image:type\" content=\"image\/jpeg\" \/>\n<meta name=\"twitter:card\" content=\"summary_large_image\" \/>\n<meta name=\"twitter:label1\" content=\"Est. reading time\" \/>\n\t<meta name=\"twitter:data1\" content=\"1 minuto\" \/>\n<script type=\"application\/ld+json\" class=\"yoast-schema-graph\">{\"@context\":\"https:\/\/schema.org\",\"@graph\":[{\"@type\":\"WebPage\",\"@id\":\"https:\/\/maranonexperience.com\/our-philosophy-2\/\",\"url\":\"https:\/\/maranonexperience.com\/our-philosophy-2\/\",\"name\":\"Mara\u00f1\u00f3n Experience philosophy is ecotourism and river conservation\",\"isPartOf\":{\"@id\":\"https:\/\/maranonexperience.com\/#website\"},\"primaryImageOfPage\":{\"@id\":\"https:\/\/maranonexperience.com\/our-philosophy-2\/#primaryimage\"},\"image\":{\"@id\":\"https:\/\/maranonexperience.com\/our-philosophy-2\/#primaryimage\"},\"thumbnailUrl\":\"https:\/\/maranonexperience.com\/wp-content\/uploads\/2016\/03\/viaje-previo-57-e1620813261561.jpg\",\"datePublished\":\"2016-03-22T01:46:42+00:00\",\"dateModified\":\"2021-05-12T10:13:08+00:00\",\"description\":\"Our company exists to help protect the Mara\u00f1\u00f3n River. Join us on the best river rafting journey on the planet and help us protect the Maranon River\",\"breadcrumb\":{\"@id\":\"https:\/\/maranonexperience.com\/our-philosophy-2\/#breadcrumb\"},\"inLanguage\":\"es\",\"potentialAction\":[{\"@type\":\"ReadAction\",\"target\":[\"https:\/\/maranonexperience.com\/our-philosophy-2\/\"]}]},{\"@type\":\"ImageObject\",\"inLanguage\":\"es\",\"@id\":\"https:\/\/maranonexperience.com\/our-philosophy-2\/#primaryimage\",\"url\":\"https:\/\/maranonexperience.com\/wp-content\/uploads\/2016\/03\/viaje-previo-57-e1620813261561.jpg\",\"contentUrl\":\"https:\/\/maranonexperience.com\/wp-content\/uploads\/2016\/03\/viaje-previo-57-e1620813261561.jpg\",\"width\":960,\"height\":640,\"caption\":\"Local people walk beside the maranon river from village to village\"},{\"@type\":\"BreadcrumbList\",\"@id\":\"https:\/\/maranonexperience.com\/our-philosophy-2\/#breadcrumb\",\"itemListElement\":[{\"@type\":\"ListItem\",\"position\":1,\"name\":\"Home\",\"item\":\"https:\/\/maranonexperience.com\/\"},{\"@type\":\"ListItem\",\"position\":2,\"name\":\"Our Philosophy\"}]},{\"@type\":\"WebSite\",\"@id\":\"https:\/\/maranonexperience.com\/#website\",\"url\":\"https:\/\/maranonexperience.com\/\",\"name\":\"Maranon Experience\",\"description\":\"We will take you to the Heart of the Mara\u00f1\u00f3n River, Peru&#039;s best whitewater rafting journey.\",\"publisher\":{\"@id\":\"https:\/\/maranonexperience.com\/#organization\"},\"potentialAction\":[{\"@type\":\"SearchAction\",\"target\":{\"@type\":\"EntryPoint\",\"urlTemplate\":\"https:\/\/maranonexperience.com\/?s={search_term_string}\"},\"query-input\":{\"@type\":\"PropertyValueSpecification\",\"valueRequired\":true,\"valueName\":\"search_term_string\"}}],\"inLanguage\":\"es\"},{\"@type\":\"Organization\",\"@id\":\"https:\/\/maranonexperience.com\/#organization\",\"name\":\"Maranon Experience\",\"url\":\"https:\/\/maranonexperience.com\/\",\"logo\":{\"@type\":\"ImageObject\",\"inLanguage\":\"es\",\"@id\":\"https:\/\/maranonexperience.com\/#\/schema\/logo\/image\/\",\"url\":\"https:\/\/maranonexperience.com\/wp-content\/uploads\/2018\/03\/Maranon-Experience-Square-Light.png\",\"contentUrl\":\"https:\/\/maranonexperience.com\/wp-content\/uploads\/2018\/03\/Maranon-Experience-Square-Light.png\",\"width\":1000,\"height\":587,\"caption\":\"Maranon Experience\"},\"image\":{\"@id\":\"https:\/\/maranonexperience.com\/#\/schema\/logo\/image\/\"},\"sameAs\":[\"https:\/\/www.facebook.com\/maranonexperience\/\"]}]}<\/script>\n<!-- \/ Yoast SEO plugin. -->","yoast_head_json":{"title":"Mara\u00f1\u00f3n Experience philosophy is ecotourism and river conservation","description":"Our company exists to help protect the Mara\u00f1\u00f3n River. Join us on the best river rafting journey on the planet and help us protect the Maranon River","robots":{"index":"index","follow":"follow","max-snippet":"max-snippet:-1","max-image-preview":"max-image-preview:large","max-video-preview":"max-video-preview:-1"},"canonical":"https:\/\/maranonexperience.com\/es\/our-philosophy-2\/","og_locale":"es_ES","og_type":"article","og_title":"Mara\u00f1\u00f3n Experience philosophy is ecotourism and river conservation","og_description":"Our company exists to help protect the Mara\u00f1\u00f3n River. Join us on the best river rafting journey on the planet and help us protect the Maranon River","og_url":"https:\/\/maranonexperience.com\/es\/our-philosophy-2\/","og_site_name":"Maranon Experience","article_publisher":"https:\/\/www.facebook.com\/maranonexperience\/","article_modified_time":"2021-05-12T10:13:08+00:00","og_image":[{"width":960,"height":640,"url":"https:\/\/maranonexperience.com\/wp-content\/uploads\/2016\/03\/viaje-previo-57-e1620813261561.jpg","type":"image\/jpeg"}],"twitter_card":"summary_large_image","twitter_misc":{"Est. reading time":"1 minuto"},"schema":{"@context":"https:\/\/schema.org","@graph":[{"@type":"WebPage","@id":"https:\/\/maranonexperience.com\/our-philosophy-2\/","url":"https:\/\/maranonexperience.com\/our-philosophy-2\/","name":"Mara\u00f1\u00f3n Experience philosophy is ecotourism and river conservation","isPartOf":{"@id":"https:\/\/maranonexperience.com\/#website"},"primaryImageOfPage":{"@id":"https:\/\/maranonexperience.com\/our-philosophy-2\/#primaryimage"},"image":{"@id":"https:\/\/maranonexperience.com\/our-philosophy-2\/#primaryimage"},"thumbnailUrl":"https:\/\/maranonexperience.com\/wp-content\/uploads\/2016\/03\/viaje-previo-57-e1620813261561.jpg","datePublished":"2016-03-22T01:46:42+00:00","dateModified":"2021-05-12T10:13:08+00:00","description":"Our company exists to help protect the Mara\u00f1\u00f3n River. Join us on the best river rafting journey on the planet and help us protect the Maranon River","breadcrumb":{"@id":"https:\/\/maranonexperience.com\/our-philosophy-2\/#breadcrumb"},"inLanguage":"es","potentialAction":[{"@type":"ReadAction","target":["https:\/\/maranonexperience.com\/our-philosophy-2\/"]}]},{"@type":"ImageObject","inLanguage":"es","@id":"https:\/\/maranonexperience.com\/our-philosophy-2\/#primaryimage","url":"https:\/\/maranonexperience.com\/wp-content\/uploads\/2016\/03\/viaje-previo-57-e1620813261561.jpg","contentUrl":"https:\/\/maranonexperience.com\/wp-content\/uploads\/2016\/03\/viaje-previo-57-e1620813261561.jpg","width":960,"height":640,"caption":"Local people walk beside the maranon river from village to village"},{"@type":"BreadcrumbList","@id":"https:\/\/maranonexperience.com\/our-philosophy-2\/#breadcrumb","itemListElement":[{"@type":"ListItem","position":1,"name":"Home","item":"https:\/\/maranonexperience.com\/"},{"@type":"ListItem","position":2,"name":"Our Philosophy"}]},{"@type":"WebSite","@id":"https:\/\/maranonexperience.com\/#website","url":"https:\/\/maranonexperience.com\/","name":"Maranon Experience","description":"We will take you to the Heart of the Mara\u00f1\u00f3n River, Peru&#039;s best whitewater rafting journey.","publisher":{"@id":"https:\/\/maranonexperience.com\/#organization"},"potentialAction":[{"@type":"SearchAction","target":{"@type":"EntryPoint","urlTemplate":"https:\/\/maranonexperience.com\/?s={search_term_string}"},"query-input":{"@type":"PropertyValueSpecification","valueRequired":true,"valueName":"search_term_string"}}],"inLanguage":"es"},{"@type":"Organization","@id":"https:\/\/maranonexperience.com\/#organization","name":"Maranon Experience","url":"https:\/\/maranonexperience.com\/","logo":{"@type":"ImageObject","inLanguage":"es","@id":"https:\/\/maranonexperience.com\/#\/schema\/logo\/image\/","url":"https:\/\/maranonexperience.com\/wp-content\/uploads\/2018\/03\/Maranon-Experience-Square-Light.png","contentUrl":"https:\/\/maranonexperience.com\/wp-content\/uploads\/2018\/03\/Maranon-Experience-Square-Light.png","width":1000,"height":587,"caption":"Maranon Experience"},"image":{"@id":"https:\/\/maranonexperience.com\/#\/schema\/logo\/image\/"},"sameAs":["https:\/\/www.facebook.com\/maranonexperience\/"]}]}},"_links":{"self":[{"href":"https:\/\/maranonexperience.com\/es\/wp-json\/wp\/v2\/pages\/865","targetHints":{"allow":["GET"]}}],"collection":[{"href":"https:\/\/maranonexperience.com\/es\/wp-json\/wp\/v2\/pages"}],"about":[{"href":"https:\/\/maranonexperience.com\/es\/wp-json\/wp\/v2\/types\/page"}],"author":[{"embeddable":true,"href":"https:\/\/maranonexperience.com\/es\/wp-json\/wp\/v2\/users\/4"}],"replies":[{"embeddable":true,"href":"https:\/\/maranonexperience.com\/es\/wp-json\/wp\/v2\/comments?post=865"}],"version-history":[{"count":13,"href":"https:\/\/maranonexperience.com\/es\/wp-json\/wp\/v2\/pages\/865\/revisions"}],"predecessor-version":[{"id":1832,"href":"https:\/\/maranonexperience.com\/es\/wp-json\/wp\/v2\/pages\/865\/revisions\/1832"}],"wp:featuredmedia":[{"embeddable":true,"href":"https:\/\/maranonexperience.com\/es\/wp-json\/wp\/v2\/media\/867"}],"wp:attachment":[{"href":"https:\/\/maranonexperience.com\/es\/wp-json\/wp\/v2\/media?parent=865"}],"curies":[{"name":"wp","href":"https:\/\/api.w.org\/{rel}","templated":true}]}}